{"id":8111,"date":"2024-12-17T15:37:18","date_gmt":"2024-12-17T15:37:18","guid":{"rendered":"https:\/\/encastrar.com.ar\/?post_type=product&#038;p=8111"},"modified":"2026-04-08T15:53:29","modified_gmt":"2026-04-08T15:53:29","slug":"quinto-90-simplo","status":"publish","type":"product","link":"https:\/\/encastrar.com.ar\/eng\/product\/quinto-90-simplo\/","title":{"rendered":"QUINTO 90\u00b0 + SIMPLO 4 pulgadas"},"content":{"rendered":"<section style=\"font-size: 14px;line-height: 1.5\">\n<p><strong>QUINTO 90\u00b0<\/strong> est\u00e1 dise\u00f1ado para llevar tus construcciones al siguiente nivel. Con <strong>cinco salidas<\/strong> posicionadas a 90\u00b0, esta conexi\u00f3n es ideal para proyectos de <strong>gran escala<\/strong> y estructuras <strong>complejas<\/strong>, como p\u00e9rgolas multifuncionales, quinchos amplios y grandes cocheras. Su dise\u00f1o robusto y vers\u00e1til garantiza un soporte excepcional para las ideas m\u00e1s audaces, convirti\u00e9ndolo en una pieza esencial para los constructores m\u00e1s exigentes.<\/p>\n<p style=\"margin-top: 1em\"><strong><u>Incluye<\/u><\/strong>:<\/p>\n<ul>\n<li>1 <strong>QUINTO 90\u00b0<\/strong><\/li>\n<li>1 <strong>SIMPLO<\/strong><\/li>\n<li>Torniller\u00eda necesaria para su aplicaci\u00f3n<\/li>\n<\/ul>\n<p style=\"margin-top: 1em\"><strong><u>Caracter\u00edsticas principales:<\/u><\/strong><\/p>\n<ul>\n<li><strong><u>Alta precisi\u00f3n:<\/u><\/strong> Fabricado en <strong>acero al carbono de 2,5 mm<\/strong>, cada componente se corta y pliega con tecnolog\u00eda CNC. Este proceso garantiza piezas robustas, exactas y duraderas.<\/li>\n<li><strong><u>F\u00e1cil instalaci\u00f3n:<\/u><\/strong> Las perforaciones est\u00e1n perfectamente alineadas para atornillar la madera sin necesidad de medir ni ajustar, lo que agiliza el proceso de construcci\u00f3n.<\/li>\n<li><strong><u>Dise\u00f1ado para maderas est\u00e1ndar:<\/u><\/strong> Compatible con maderas cepilladas lo que hace su uso sencillo para proyectos est\u00e1ndar y personalizados.<\/li>\n<li><strong><u>Tratamiento anticorrosi\u00f3n:<\/u><\/strong> Cada pieza de Encastrar recibe un tratamiento de galvanizado previo a su pintura, lo que asegura una excelente protecci\u00f3n contra la corrosi\u00f3n y aumenta su durabilidad, incluso en exteriores expuestos a condiciones clim\u00e1ticas adversas.<\/li>\n<li><strong><u>Producto 100% nacional:<\/u><\/strong> Fabricado en Argentina con materiales de la m\u00e1s alta calidad, garantizando un producto confiable y de origen local.<\/li>\n<\/ul>\n<p style=\"margin-top: 1em\">Con las piezas de <strong>Encastrar<\/strong>, no solo mejorar\u00e1s la funcionalidad y apariencia de tus proyectos, sino que tambi\u00e9n garantizar\u00e1s una conexi\u00f3n s\u00f3lida y confiable, dise\u00f1ada para resistir el paso del tiempo y las condiciones clim\u00e1ticas m\u00e1s exigentes. Estas soluciones pr\u00e1cticas y duraderas est\u00e1n hechas para simplificar el proceso de construcci\u00f3n, permiti\u00e9ndote disfrutar de espacios al aire libre \u00fanicos y bien estructurados.<\/p>\n<p><strong>Nota importante:<\/strong> La madera no est\u00e1 incluida en los kits debido a los altos costos log\u00edsticos. Aun as\u00ed, pod\u00e9s conseguirla f\u00e1cilmente en cualquier maderera local. Recomendamos llevar uno de nuestros conectores al momento de la compra para garantizar un encastre perfecto y maximizar la calidad del proyecto. Algunas piezas pueden presentar grumos, marcas o irregularidades superficiales producto del proceso de galvanizado por inmersi\u00f3n en caliente. Estos efectos son normales y no afectan en absoluto la resistencia, el encastre ni la funcionalidad del producto.<\/p>\n<\/section>","protected":false},"excerpt":{"rendered":"<p>QUINTO 90\u00b0 est\u00e1 dise\u00f1ado para llevar tus construcciones al siguiente nivel. Con cinco salidas posicionadas a 90\u00b0, esta conexi\u00f3n es ideal para proyectos de gran escala y estructuras complejas, como p\u00e9rgolas multifuncionales, quinchos amplios y grandes cocheras. Su dise\u00f1o robusto y vers\u00e1til garantiza un soporte excepcional para las ideas m\u00e1s audaces, convirti\u00e9ndolo en una pieza [&hellip;]<\/p>","protected":false},"featured_media":8598,"comment_status":"open","ping_status":"closed","template":"","meta":{"_joinchat":[]},"product_brand":[],"product_cat":[105,118],"product_tag":[120],"class_list":{"0":"post-8111","1":"product","2":"type-product","3":"status-publish","4":"has-post-thumbnail","6":"product_cat-encastres","7":"product_cat-rectos","8":"product_tag-rectos","10":"first","11":"instock","12":"shipping-taxable","13":"purchasable","14":"product-type-simple"},"yoast_head":"<!-- This site is optimized with the Yoast SEO plugin v26.1.1 - https:\/\/yoast.com\/wordpress\/plugins\/seo\/ -->\n<title>QUINTO 90\u00b0 + SIMPLO 4 pulgadas - Encastrar Argentina<\/title>\n<meta name=\"robots\" content=\"index, follow, max-snippet:-1, max-image-preview:large, max-video-preview:-1\" \/>\n<link rel=\"canonical\" href=\"https:\/\/encastrar.com.ar\/eng\/product\/quinto-90-simplo\/\" \/>\n<meta property=\"og:locale\" content=\"en_US\" \/>\n<meta property=\"og:type\" content=\"article\" \/>\n<meta property=\"og:title\" content=\"QUINTO 90\u00b0 + SIMPLO 4 pulgadas - Encastrar Argentina\" \/>\n<meta property=\"og:description\" content=\"QUINTO 90\u00b0 est\u00e1 dise\u00f1ado para llevar tus construcciones al siguiente nivel. Con cinco salidas posicionadas a 90\u00b0, esta conexi\u00f3n es ideal para proyectos de gran escala y estructuras complejas, como p\u00e9rgolas multifuncionales, quinchos amplios y grandes cocheras. Su dise\u00f1o robusto y vers\u00e1til garantiza un soporte excepcional para las ideas m\u00e1s audaces, convirti\u00e9ndolo en una pieza [&hellip;]\" \/>\n<meta property=\"og:url\" content=\"https:\/\/encastrar.com.ar\/eng\/product\/quinto-90-simplo\/\" \/>\n<meta property=\"og:site_name\" content=\"Encastrar Argentina\" \/>\n<meta property=\"article:modified_time\" content=\"2026-04-08T15:53:29+00:00\" \/>\n<meta property=\"og:image\" content=\"http:\/\/encastrar.com.ar\/wp-content\/uploads\/2024\/12\/RENDER-1-K-007X1-011X1-QUINTO-90-SIMPLO-4-pulgadas.jpg\" \/>\n\t<meta property=\"og:image:width\" content=\"1879\" \/>\n\t<meta property=\"og:image:height\" content=\"896\" \/>\n\t<meta property=\"og:image:type\" content=\"image\/jpeg\" \/>\n<meta name=\"twitter:card\" content=\"summary_large_image\" \/>\n<meta name=\"twitter:label1\" content=\"Est. reading time\" \/>\n\t<meta name=\"twitter:data1\" content=\"2 minutes\" \/>\n<script type=\"application\/ld+json\" class=\"yoast-schema-graph\">{\"@context\":\"https:\/\/schema.org\",\"@graph\":[{\"@type\":\"WebPage\",\"@id\":\"https:\/\/encastrar.com.ar\/producto\/quinto-90-simplo\/\",\"url\":\"https:\/\/encastrar.com.ar\/producto\/quinto-90-simplo\/\",\"name\":\"QUINTO 90\u00b0 + SIMPLO 4 pulgadas - Encastrar Argentina\",\"isPartOf\":{\"@id\":\"https:\/\/encastrar.com.ar\/#website\"},\"primaryImageOfPage\":{\"@id\":\"https:\/\/encastrar.com.ar\/producto\/quinto-90-simplo\/#primaryimage\"},\"image\":{\"@id\":\"https:\/\/encastrar.com.ar\/producto\/quinto-90-simplo\/#primaryimage\"},\"thumbnailUrl\":\"https:\/\/encastrar.com.ar\/wp-content\/uploads\/2024\/12\/RENDER-1-K-007X1-011X1-QUINTO-90-SIMPLO-4-pulgadas.jpg\",\"datePublished\":\"2024-12-17T15:37:18+00:00\",\"dateModified\":\"2026-04-08T15:53:29+00:00\",\"breadcrumb\":{\"@id\":\"https:\/\/encastrar.com.ar\/producto\/quinto-90-simplo\/#breadcrumb\"},\"inLanguage\":\"en-US\",\"potentialAction\":[{\"@type\":\"ReadAction\",\"target\":[\"https:\/\/encastrar.com.ar\/producto\/quinto-90-simplo\/\"]}]},{\"@type\":\"ImageObject\",\"inLanguage\":\"en-US\",\"@id\":\"https:\/\/encastrar.com.ar\/producto\/quinto-90-simplo\/#primaryimage\",\"url\":\"https:\/\/encastrar.com.ar\/wp-content\/uploads\/2024\/12\/RENDER-1-K-007X1-011X1-QUINTO-90-SIMPLO-4-pulgadas.jpg\",\"contentUrl\":\"https:\/\/encastrar.com.ar\/wp-content\/uploads\/2024\/12\/RENDER-1-K-007X1-011X1-QUINTO-90-SIMPLO-4-pulgadas.jpg\",\"width\":1879,\"height\":896},{\"@type\":\"BreadcrumbList\",\"@id\":\"https:\/\/encastrar.com.ar\/producto\/quinto-90-simplo\/#breadcrumb\",\"itemListElement\":[{\"@type\":\"ListItem\",\"position\":1,\"name\":\"Home\",\"item\":\"https:\/\/encastrar.com.ar\/\"},{\"@type\":\"ListItem\",\"position\":2,\"name\":\"Productos\",\"item\":\"https:\/\/encastrar.com.ar\/tienda\/\"},{\"@type\":\"ListItem\",\"position\":3,\"name\":\"QUINTO 90\u00b0 + SIMPLO 4 pulgadas\"}]},{\"@type\":\"WebSite\",\"@id\":\"https:\/\/encastrar.com.ar\/#website\",\"url\":\"https:\/\/encastrar.com.ar\/\",\"name\":\"Encastrar Argentina\",\"description\":\"Pergolas a medida\",\"publisher\":{\"@id\":\"https:\/\/encastrar.com.ar\/#organization\"},\"potentialAction\":[{\"@type\":\"SearchAction\",\"target\":{\"@type\":\"EntryPoint\",\"urlTemplate\":\"https:\/\/encastrar.com.ar\/?s={search_term_string}\"},\"query-input\":{\"@type\":\"PropertyValueSpecification\",\"valueRequired\":true,\"valueName\":\"search_term_string\"}}],\"inLanguage\":\"en-US\"},{\"@type\":\"Organization\",\"@id\":\"https:\/\/encastrar.com.ar\/#organization\",\"name\":\"Encastrar Argentina\",\"url\":\"https:\/\/encastrar.com.ar\/\",\"logo\":{\"@type\":\"ImageObject\",\"inLanguage\":\"en-US\",\"@id\":\"https:\/\/encastrar.com.ar\/#\/schema\/logo\/image\/\",\"url\":\"https:\/\/encastrar.com.ar\/wp-content\/uploads\/2024\/02\/cropped-icono.png\",\"contentUrl\":\"https:\/\/encastrar.com.ar\/wp-content\/uploads\/2024\/02\/cropped-icono.png\",\"width\":340,\"height\":340,\"caption\":\"Encastrar Argentina\"},\"image\":{\"@id\":\"https:\/\/encastrar.com.ar\/#\/schema\/logo\/image\/\"}}]}<\/script>\n<!-- \/ Yoast SEO plugin. -->","yoast_head_json":{"title":"QUINTO 90\u00b0 + SIMPLO 4 pulgadas - Encastrar Argentina","robots":{"index":"index","follow":"follow","max-snippet":"max-snippet:-1","max-image-preview":"max-image-preview:large","max-video-preview":"max-video-preview:-1"},"canonical":"https:\/\/encastrar.com.ar\/eng\/product\/quinto-90-simplo\/","og_locale":"en_US","og_type":"article","og_title":"QUINTO 90\u00b0 + SIMPLO 4 pulgadas - Encastrar Argentina","og_description":"QUINTO 90\u00b0 est\u00e1 dise\u00f1ado para llevar tus construcciones al siguiente nivel. Con cinco salidas posicionadas a 90\u00b0, esta conexi\u00f3n es ideal para proyectos de gran escala y estructuras complejas, como p\u00e9rgolas multifuncionales, quinchos amplios y grandes cocheras. Su dise\u00f1o robusto y vers\u00e1til garantiza un soporte excepcional para las ideas m\u00e1s audaces, convirti\u00e9ndolo en una pieza [&hellip;]","og_url":"https:\/\/encastrar.com.ar\/eng\/product\/quinto-90-simplo\/","og_site_name":"Encastrar Argentina","article_modified_time":"2026-04-08T15:53:29+00:00","og_image":[{"width":1879,"height":896,"url":"http:\/\/encastrar.com.ar\/wp-content\/uploads\/2024\/12\/RENDER-1-K-007X1-011X1-QUINTO-90-SIMPLO-4-pulgadas.jpg","type":"image\/jpeg"}],"twitter_card":"summary_large_image","twitter_misc":{"Est. reading time":"2 minutes"},"schema":{"@context":"https:\/\/schema.org","@graph":[{"@type":"WebPage","@id":"https:\/\/encastrar.com.ar\/producto\/quinto-90-simplo\/","url":"https:\/\/encastrar.com.ar\/producto\/quinto-90-simplo\/","name":"QUINTO 90\u00b0 + SIMPLO 4 pulgadas - Encastrar Argentina","isPartOf":{"@id":"https:\/\/encastrar.com.ar\/#website"},"primaryImageOfPage":{"@id":"https:\/\/encastrar.com.ar\/producto\/quinto-90-simplo\/#primaryimage"},"image":{"@id":"https:\/\/encastrar.com.ar\/producto\/quinto-90-simplo\/#primaryimage"},"thumbnailUrl":"https:\/\/encastrar.com.ar\/wp-content\/uploads\/2024\/12\/RENDER-1-K-007X1-011X1-QUINTO-90-SIMPLO-4-pulgadas.jpg","datePublished":"2024-12-17T15:37:18+00:00","dateModified":"2026-04-08T15:53:29+00:00","breadcrumb":{"@id":"https:\/\/encastrar.com.ar\/producto\/quinto-90-simplo\/#breadcrumb"},"inLanguage":"en-US","potentialAction":[{"@type":"ReadAction","target":["https:\/\/encastrar.com.ar\/producto\/quinto-90-simplo\/"]}]},{"@type":"ImageObject","inLanguage":"en-US","@id":"https:\/\/encastrar.com.ar\/producto\/quinto-90-simplo\/#primaryimage","url":"https:\/\/encastrar.com.ar\/wp-content\/uploads\/2024\/12\/RENDER-1-K-007X1-011X1-QUINTO-90-SIMPLO-4-pulgadas.jpg","contentUrl":"https:\/\/encastrar.com.ar\/wp-content\/uploads\/2024\/12\/RENDER-1-K-007X1-011X1-QUINTO-90-SIMPLO-4-pulgadas.jpg","width":1879,"height":896},{"@type":"BreadcrumbList","@id":"https:\/\/encastrar.com.ar\/producto\/quinto-90-simplo\/#breadcrumb","itemListElement":[{"@type":"ListItem","position":1,"name":"Home","item":"https:\/\/encastrar.com.ar\/"},{"@type":"ListItem","position":2,"name":"Productos","item":"https:\/\/encastrar.com.ar\/tienda\/"},{"@type":"ListItem","position":3,"name":"QUINTO 90\u00b0 + SIMPLO 4 pulgadas"}]},{"@type":"WebSite","@id":"https:\/\/encastrar.com.ar\/#website","url":"https:\/\/encastrar.com.ar\/","name":"Encastrar Argentina","description":"Pergolas a medida","publisher":{"@id":"https:\/\/encastrar.com.ar\/#organization"},"potentialAction":[{"@type":"SearchAction","target":{"@type":"EntryPoint","urlTemplate":"https:\/\/encastrar.com.ar\/?s={search_term_string}"},"query-input":{"@type":"PropertyValueSpecification","valueRequired":true,"valueName":"search_term_string"}}],"inLanguage":"en-US"},{"@type":"Organization","@id":"https:\/\/encastrar.com.ar\/#organization","name":"Encastrar Argentina","url":"https:\/\/encastrar.com.ar\/","logo":{"@type":"ImageObject","inLanguage":"en-US","@id":"https:\/\/encastrar.com.ar\/#\/schema\/logo\/image\/","url":"https:\/\/encastrar.com.ar\/wp-content\/uploads\/2024\/02\/cropped-icono.png","contentUrl":"https:\/\/encastrar.com.ar\/wp-content\/uploads\/2024\/02\/cropped-icono.png","width":340,"height":340,"caption":"Encastrar Argentina"},"image":{"@id":"https:\/\/encastrar.com.ar\/#\/schema\/logo\/image\/"}}]}},"_links":{"self":[{"href":"https:\/\/encastrar.com.ar\/eng\/wp-json\/wp\/v2\/product\/8111","targetHints":{"allow":["GET"]}}],"collection":[{"href":"https:\/\/encastrar.com.ar\/eng\/wp-json\/wp\/v2\/product"}],"about":[{"href":"https:\/\/encastrar.com.ar\/eng\/wp-json\/wp\/v2\/types\/product"}],"replies":[{"embeddable":true,"href":"https:\/\/encastrar.com.ar\/eng\/wp-json\/wp\/v2\/comments?post=8111"}],"wp:featuredmedia":[{"embeddable":true,"href":"https:\/\/encastrar.com.ar\/eng\/wp-json\/wp\/v2\/media\/8598"}],"wp:attachment":[{"href":"https:\/\/encastrar.com.ar\/eng\/wp-json\/wp\/v2\/media?parent=8111"}],"wp:term":[{"taxonomy":"product_brand","embeddable":true,"href":"https:\/\/encastrar.com.ar\/eng\/wp-json\/wp\/v2\/product_brand?post=8111"},{"taxonomy":"product_cat","embeddable":true,"href":"https:\/\/encastrar.com.ar\/eng\/wp-json\/wp\/v2\/product_cat?post=8111"},{"taxonomy":"product_tag","embeddable":true,"href":"https:\/\/encastrar.com.ar\/eng\/wp-json\/wp\/v2\/product_tag?post=8111"}],"curies":[{"name":"wp","href":"https:\/\/api.w.org\/{rel}","templated":true}]}}