{"id":7303,"date":"2024-02-15T14:52:48","date_gmt":"2024-02-15T14:52:48","guid":{"rendered":"https:\/\/encastrar.com.ar\/?post_type=product&#038;p=7303"},"modified":"2026-04-07T12:14:08","modified_gmt":"2026-04-07T12:14:08","slug":"doble-con-techo-a-2-aguas","status":"publish","type":"product","link":"https:\/\/encastrar.com.ar\/eng\/product\/doble-con-techo-a-2-aguas\/","title":{"rendered":"M\u00f3dulo Doble con Techo a Dos Aguas de 30\u00b0 4 pulgadas"},"content":{"rendered":"<section style=\"font-size: 16px;line-height: 1.5\"><strong>Cre\u00e1 espacios al aire libre de forma simple y r\u00e1pida con el M\u00f3dulo Doble con Techo a Dos Aguas<\/strong><br \/>\n<br \/>\nPensado para estructuras de hasta 3\u00d73 y con 2,5 metros de altura m\u00e1xima, este sistema incluye herrajes compatibles con maderas cepilladas de 4&#215;4 pulgadas (90x90mm). Su dise\u00f1o permite un armado firme y sin complicaciones, ideal para p\u00e9rgolas, gazebos o techos livianos.<\/p>\n<p><strong><span style=\"text-decoration: underline\">Tiempo de armado:<\/span><\/strong> 1 hora \u23f3<\/p>\n<p><strong><u>Incluye:<\/u><\/strong><\/p>\n<ul>\n<li>Todas las conexiones necesarias para armar el <strong>M\u00f3dulo Doble con Techo a Dos Aguas<\/strong> \ud83e\udde9<\/li>\n<li style=\"text-align: left\">Torniller\u00eda completa para su aplicaci\u00f3n \ud83d\udd28 \ud83e\uddf0<\/li>\n<\/ul>\n<p>\n<strong><span style=\"text-decoration: underline\"><br \/>\nMaderas requeridas:<\/span><\/strong><\/p>\n<ul>\n<li>4 postes de 4&#215;4 pulgadas ( M\u00e1ximo 2.5m) \ud83d\udccf<\/li>\n<li>4 vigas de 4&#215;4 pulgadas (M\u00e1ximo 3m) \ud83d\udcd0<\/li>\n<\/ul>\n<p>\n<strong><span style=\"text-decoration: underline\"><br \/>\n\u00bfQue maderas recomendamos? <\/span><\/strong><\/p>\n<p>A la hora de elegir la madera para tu proyecto, es importante optar por materiales de buena calidad y aptos para exterior. Una buena madera no solo mejora la est\u00e9tica de la estructura, sino que tambi\u00e9n garantiza resistencia, estabilidad y durabilidad con el paso del tiempo.<br \/>\n<br \/>\n<span style=\"text-decoration: underline\">Nosotros recomendamos:<\/span><\/p>\n<ul>\n<li>Pino<\/li>\n<li>Eucalipto<\/li>\n<li>Laurel<\/li>\n<li>Algarrobo<\/li>\n<\/ul>\n<p>\n<strong><u><br \/>\nCaracter\u00edsticas principales:<\/u><\/strong><\/p>\n<ul>\n<\/p>\n<li><strong><u>Alta precisi\u00f3n:<\/u><\/strong> Fabricado en <strong>acero al carbono de 2,5 mm<\/strong>, cada componente se corta y pliega con tecnolog\u00eda CNC. Este proceso garantiza piezas robustas, exactas y duraderas.<\/li>\n<li><strong><u>F\u00e1cil instalaci\u00f3n:<\/u><\/strong> Las perforaciones est\u00e1n perfectamente alineadas para atornillar la madera sin necesidad de medir ni ajustar, lo que agiliza el proceso de construcci\u00f3n.<\/li>\n<li><strong><u>Dise\u00f1ado para maderas est\u00e1ndar:<\/u><\/strong> Compatible con maderas cepilladas lo que hace su uso sencillo para proyectos est\u00e1ndar y personalizados.<\/li>\n<li><strong><u>Tratamiento anticorrosi\u00f3n:<\/u><\/strong> Cada pieza de Encastrar recibe un tratamiento de galvanizado previo a su pintura, lo que asegura una excelente protecci\u00f3n contra la corrosi\u00f3n y aumenta su durabilidad, incluso en exteriores expuestos a condiciones clim\u00e1ticas adversas.<\/li>\n<li><strong><u>Producto 100% nacional:<\/u><\/strong> Fabricado en Argentina con materiales de la m\u00e1s alta calidad, garantizando un producto confiable y de origen local.<\/li>\n<\/ul>\n<p><\/p>\n<p style=\"margin-top: 1em\"><strong>Conect\u00e1, arm\u00e1 y disfrut\u00e1:<\/strong> Los kits de <strong>Encastrar<\/strong> son la soluci\u00f3n ideal para construir estructuras firmes, est\u00e9ticas y duraderas al aire libre. Dise\u00f1ados para simplificar el armado sin comprometer la resistencia, te permiten crear espacios de forma r\u00e1pida y sin complicaciones.<\/p>\n<\/section>\n<section style=\"font-size: 14px;line-height: 1.5\">\n<strong>Nota importante:<\/strong> La madera no est\u00e1 incluida en los kits debido a los altos costos log\u00edsticos. Aun as\u00ed, pod\u00e9s conseguirla f\u00e1cilmente en cualquier maderera local. Recomendamos llevar uno de nuestros conectores al momento de la compra para garantizar un encastre perfecto y maximizar la calidad del proyecto. Algunas piezas pueden presentar grumos, marcas o irregularidades superficiales producto del proceso de galvanizado por inmersi\u00f3n en caliente. Estos efectos son normales y no afectan en absoluto la resistencia, el encastre ni la funcionalidad del producto.<\/p>\n<\/section>","protected":false},"excerpt":{"rendered":"<p>Cre\u00e1 espacios al aire libre de forma simple y r\u00e1pida con el M\u00f3dulo Doble con Techo a Dos Aguas Pensado para estructuras de hasta 3\u00d73 y con 2,5 metros de altura m\u00e1xima, este sistema incluye herrajes compatibles con maderas cepilladas de 4&#215;4 pulgadas (90x90mm). Su dise\u00f1o permite un armado firme y sin complicaciones, ideal para [&hellip;]<\/p>","protected":false},"featured_media":8886,"comment_status":"open","ping_status":"closed","template":"","meta":{"_joinchat":[]},"product_brand":[],"product_cat":[106,104],"product_tag":[],"class_list":{"0":"post-7303","1":"product","2":"type-product","3":"status-publish","4":"has-post-thumbnail","6":"product_cat-fijacion-al-suelo","7":"product_cat-kit","9":"first","10":"instock","11":"shipping-taxable","12":"purchasable","13":"product-type-simple"},"yoast_head":"<!-- This site is optimized with the Yoast SEO plugin v26.1.1 - https:\/\/yoast.com\/wordpress\/plugins\/seo\/ -->\n<title>M\u00f3dulo Doble con Techo a Dos Aguas de 30\u00b0 4 pulgadas - Encastrar Argentina<\/title>\n<meta name=\"robots\" content=\"index, follow, max-snippet:-1, max-image-preview:large, max-video-preview:-1\" \/>\n<link rel=\"canonical\" href=\"https:\/\/encastrar.com.ar\/eng\/product\/doble-con-techo-a-2-aguas\/\" \/>\n<meta property=\"og:locale\" content=\"en_US\" \/>\n<meta property=\"og:type\" content=\"article\" \/>\n<meta property=\"og:title\" content=\"M\u00f3dulo Doble con Techo a Dos Aguas de 30\u00b0 4 pulgadas - Encastrar Argentina\" \/>\n<meta property=\"og:description\" content=\"Cre\u00e1 espacios al aire libre de forma simple y r\u00e1pida con el M\u00f3dulo Doble con Techo a Dos Aguas Pensado para estructuras de hasta 3\u00d73 y con 2,5 metros de altura m\u00e1xima, este sistema incluye herrajes compatibles con maderas cepilladas de 4&#215;4 pulgadas (90x90mm). Su dise\u00f1o permite un armado firme y sin complicaciones, ideal para [&hellip;]\" \/>\n<meta property=\"og:url\" content=\"https:\/\/encastrar.com.ar\/eng\/product\/doble-con-techo-a-2-aguas\/\" \/>\n<meta property=\"og:site_name\" content=\"Encastrar Argentina\" \/>\n<meta property=\"article:modified_time\" content=\"2026-04-07T12:14:08+00:00\" \/>\n<meta property=\"og:image\" content=\"http:\/\/encastrar.com.ar\/wp-content\/uploads\/2024\/02\/RENDER-1-MODULO-DOBLE-CON-TECHO-A-2-AGUAS-v2-1.jpg\" \/>\n\t<meta property=\"og:image:width\" content=\"1836\" \/>\n\t<meta property=\"og:image:height\" content=\"1448\" \/>\n\t<meta property=\"og:image:type\" content=\"image\/jpeg\" \/>\n<meta name=\"twitter:card\" content=\"summary_large_image\" \/>\n<meta name=\"twitter:label1\" content=\"Est. reading time\" \/>\n\t<meta name=\"twitter:data1\" content=\"3 minutes\" \/>\n<script type=\"application\/ld+json\" class=\"yoast-schema-graph\">{\"@context\":\"https:\/\/schema.org\",\"@graph\":[{\"@type\":\"WebPage\",\"@id\":\"https:\/\/encastrar.com.ar\/producto\/doble-con-techo-a-2-aguas\/\",\"url\":\"https:\/\/encastrar.com.ar\/producto\/doble-con-techo-a-2-aguas\/\",\"name\":\"M\u00f3dulo Doble con Techo a Dos Aguas de 30\u00b0 4 pulgadas - Encastrar Argentina\",\"isPartOf\":{\"@id\":\"https:\/\/encastrar.com.ar\/#website\"},\"primaryImageOfPage\":{\"@id\":\"https:\/\/encastrar.com.ar\/producto\/doble-con-techo-a-2-aguas\/#primaryimage\"},\"image\":{\"@id\":\"https:\/\/encastrar.com.ar\/producto\/doble-con-techo-a-2-aguas\/#primaryimage\"},\"thumbnailUrl\":\"https:\/\/encastrar.com.ar\/wp-content\/uploads\/2024\/02\/RENDER-1-MODULO-DOBLE-CON-TECHO-A-2-AGUAS-v2-1.jpg\",\"datePublished\":\"2024-02-15T14:52:48+00:00\",\"dateModified\":\"2026-04-07T12:14:08+00:00\",\"breadcrumb\":{\"@id\":\"https:\/\/encastrar.com.ar\/producto\/doble-con-techo-a-2-aguas\/#breadcrumb\"},\"inLanguage\":\"en-US\",\"potentialAction\":[{\"@type\":\"ReadAction\",\"target\":[\"https:\/\/encastrar.com.ar\/producto\/doble-con-techo-a-2-aguas\/\"]}]},{\"@type\":\"ImageObject\",\"inLanguage\":\"en-US\",\"@id\":\"https:\/\/encastrar.com.ar\/producto\/doble-con-techo-a-2-aguas\/#primaryimage\",\"url\":\"https:\/\/encastrar.com.ar\/wp-content\/uploads\/2024\/02\/RENDER-1-MODULO-DOBLE-CON-TECHO-A-2-AGUAS-v2-1.jpg\",\"contentUrl\":\"https:\/\/encastrar.com.ar\/wp-content\/uploads\/2024\/02\/RENDER-1-MODULO-DOBLE-CON-TECHO-A-2-AGUAS-v2-1.jpg\",\"width\":1836,\"height\":1448},{\"@type\":\"BreadcrumbList\",\"@id\":\"https:\/\/encastrar.com.ar\/producto\/doble-con-techo-a-2-aguas\/#breadcrumb\",\"itemListElement\":[{\"@type\":\"ListItem\",\"position\":1,\"name\":\"Home\",\"item\":\"https:\/\/encastrar.com.ar\/\"},{\"@type\":\"ListItem\",\"position\":2,\"name\":\"Productos\",\"item\":\"https:\/\/encastrar.com.ar\/tienda\/\"},{\"@type\":\"ListItem\",\"position\":3,\"name\":\"M\u00f3dulo Doble con Techo a Dos Aguas de 30\u00b0 4 pulgadas\"}]},{\"@type\":\"WebSite\",\"@id\":\"https:\/\/encastrar.com.ar\/#website\",\"url\":\"https:\/\/encastrar.com.ar\/\",\"name\":\"Encastrar Argentina\",\"description\":\"Pergolas a medida\",\"publisher\":{\"@id\":\"https:\/\/encastrar.com.ar\/#organization\"},\"potentialAction\":[{\"@type\":\"SearchAction\",\"target\":{\"@type\":\"EntryPoint\",\"urlTemplate\":\"https:\/\/encastrar.com.ar\/?s={search_term_string}\"},\"query-input\":{\"@type\":\"PropertyValueSpecification\",\"valueRequired\":true,\"valueName\":\"search_term_string\"}}],\"inLanguage\":\"en-US\"},{\"@type\":\"Organization\",\"@id\":\"https:\/\/encastrar.com.ar\/#organization\",\"name\":\"Encastrar Argentina\",\"url\":\"https:\/\/encastrar.com.ar\/\",\"logo\":{\"@type\":\"ImageObject\",\"inLanguage\":\"en-US\",\"@id\":\"https:\/\/encastrar.com.ar\/#\/schema\/logo\/image\/\",\"url\":\"https:\/\/encastrar.com.ar\/wp-content\/uploads\/2024\/02\/cropped-icono.png\",\"contentUrl\":\"https:\/\/encastrar.com.ar\/wp-content\/uploads\/2024\/02\/cropped-icono.png\",\"width\":340,\"height\":340,\"caption\":\"Encastrar Argentina\"},\"image\":{\"@id\":\"https:\/\/encastrar.com.ar\/#\/schema\/logo\/image\/\"}}]}<\/script>\n<!-- \/ Yoast SEO plugin. -->","yoast_head_json":{"title":"M\u00f3dulo Doble con Techo a Dos Aguas de 30\u00b0 4 pulgadas - Encastrar Argentina","robots":{"index":"index","follow":"follow","max-snippet":"max-snippet:-1","max-image-preview":"max-image-preview:large","max-video-preview":"max-video-preview:-1"},"canonical":"https:\/\/encastrar.com.ar\/eng\/product\/doble-con-techo-a-2-aguas\/","og_locale":"en_US","og_type":"article","og_title":"M\u00f3dulo Doble con Techo a Dos Aguas de 30\u00b0 4 pulgadas - Encastrar Argentina","og_description":"Cre\u00e1 espacios al aire libre de forma simple y r\u00e1pida con el M\u00f3dulo Doble con Techo a Dos Aguas Pensado para estructuras de hasta 3\u00d73 y con 2,5 metros de altura m\u00e1xima, este sistema incluye herrajes compatibles con maderas cepilladas de 4&#215;4 pulgadas (90x90mm). Su dise\u00f1o permite un armado firme y sin complicaciones, ideal para [&hellip;]","og_url":"https:\/\/encastrar.com.ar\/eng\/product\/doble-con-techo-a-2-aguas\/","og_site_name":"Encastrar Argentina","article_modified_time":"2026-04-07T12:14:08+00:00","og_image":[{"width":1836,"height":1448,"url":"http:\/\/encastrar.com.ar\/wp-content\/uploads\/2024\/02\/RENDER-1-MODULO-DOBLE-CON-TECHO-A-2-AGUAS-v2-1.jpg","type":"image\/jpeg"}],"twitter_card":"summary_large_image","twitter_misc":{"Est. reading time":"3 minutes"},"schema":{"@context":"https:\/\/schema.org","@graph":[{"@type":"WebPage","@id":"https:\/\/encastrar.com.ar\/producto\/doble-con-techo-a-2-aguas\/","url":"https:\/\/encastrar.com.ar\/producto\/doble-con-techo-a-2-aguas\/","name":"M\u00f3dulo Doble con Techo a Dos Aguas de 30\u00b0 4 pulgadas - Encastrar Argentina","isPartOf":{"@id":"https:\/\/encastrar.com.ar\/#website"},"primaryImageOfPage":{"@id":"https:\/\/encastrar.com.ar\/producto\/doble-con-techo-a-2-aguas\/#primaryimage"},"image":{"@id":"https:\/\/encastrar.com.ar\/producto\/doble-con-techo-a-2-aguas\/#primaryimage"},"thumbnailUrl":"https:\/\/encastrar.com.ar\/wp-content\/uploads\/2024\/02\/RENDER-1-MODULO-DOBLE-CON-TECHO-A-2-AGUAS-v2-1.jpg","datePublished":"2024-02-15T14:52:48+00:00","dateModified":"2026-04-07T12:14:08+00:00","breadcrumb":{"@id":"https:\/\/encastrar.com.ar\/producto\/doble-con-techo-a-2-aguas\/#breadcrumb"},"inLanguage":"en-US","potentialAction":[{"@type":"ReadAction","target":["https:\/\/encastrar.com.ar\/producto\/doble-con-techo-a-2-aguas\/"]}]},{"@type":"ImageObject","inLanguage":"en-US","@id":"https:\/\/encastrar.com.ar\/producto\/doble-con-techo-a-2-aguas\/#primaryimage","url":"https:\/\/encastrar.com.ar\/wp-content\/uploads\/2024\/02\/RENDER-1-MODULO-DOBLE-CON-TECHO-A-2-AGUAS-v2-1.jpg","contentUrl":"https:\/\/encastrar.com.ar\/wp-content\/uploads\/2024\/02\/RENDER-1-MODULO-DOBLE-CON-TECHO-A-2-AGUAS-v2-1.jpg","width":1836,"height":1448},{"@type":"BreadcrumbList","@id":"https:\/\/encastrar.com.ar\/producto\/doble-con-techo-a-2-aguas\/#breadcrumb","itemListElement":[{"@type":"ListItem","position":1,"name":"Home","item":"https:\/\/encastrar.com.ar\/"},{"@type":"ListItem","position":2,"name":"Productos","item":"https:\/\/encastrar.com.ar\/tienda\/"},{"@type":"ListItem","position":3,"name":"M\u00f3dulo Doble con Techo a Dos Aguas de 30\u00b0 4 pulgadas"}]},{"@type":"WebSite","@id":"https:\/\/encastrar.com.ar\/#website","url":"https:\/\/encastrar.com.ar\/","name":"Encastrar Argentina","description":"Pergolas a medida","publisher":{"@id":"https:\/\/encastrar.com.ar\/#organization"},"potentialAction":[{"@type":"SearchAction","target":{"@type":"EntryPoint","urlTemplate":"https:\/\/encastrar.com.ar\/?s={search_term_string}"},"query-input":{"@type":"PropertyValueSpecification","valueRequired":true,"valueName":"search_term_string"}}],"inLanguage":"en-US"},{"@type":"Organization","@id":"https:\/\/encastrar.com.ar\/#organization","name":"Encastrar Argentina","url":"https:\/\/encastrar.com.ar\/","logo":{"@type":"ImageObject","inLanguage":"en-US","@id":"https:\/\/encastrar.com.ar\/#\/schema\/logo\/image\/","url":"https:\/\/encastrar.com.ar\/wp-content\/uploads\/2024\/02\/cropped-icono.png","contentUrl":"https:\/\/encastrar.com.ar\/wp-content\/uploads\/2024\/02\/cropped-icono.png","width":340,"height":340,"caption":"Encastrar Argentina"},"image":{"@id":"https:\/\/encastrar.com.ar\/#\/schema\/logo\/image\/"}}]}},"_links":{"self":[{"href":"https:\/\/encastrar.com.ar\/eng\/wp-json\/wp\/v2\/product\/7303","targetHints":{"allow":["GET"]}}],"collection":[{"href":"https:\/\/encastrar.com.ar\/eng\/wp-json\/wp\/v2\/product"}],"about":[{"href":"https:\/\/encastrar.com.ar\/eng\/wp-json\/wp\/v2\/types\/product"}],"replies":[{"embeddable":true,"href":"https:\/\/encastrar.com.ar\/eng\/wp-json\/wp\/v2\/comments?post=7303"}],"wp:featuredmedia":[{"embeddable":true,"href":"https:\/\/encastrar.com.ar\/eng\/wp-json\/wp\/v2\/media\/8886"}],"wp:attachment":[{"href":"https:\/\/encastrar.com.ar\/eng\/wp-json\/wp\/v2\/media?parent=7303"}],"wp:term":[{"taxonomy":"product_brand","embeddable":true,"href":"https:\/\/encastrar.com.ar\/eng\/wp-json\/wp\/v2\/product_brand?post=7303"},{"taxonomy":"product_cat","embeddable":true,"href":"https:\/\/encastrar.com.ar\/eng\/wp-json\/wp\/v2\/product_cat?post=7303"},{"taxonomy":"product_tag","embeddable":true,"href":"https:\/\/encastrar.com.ar\/eng\/wp-json\/wp\/v2\/product_tag?post=7303"}],"curies":[{"name":"wp","href":"https:\/\/api.w.org\/{rel}","templated":true}]}}