{"id":7581,"date":"2024-09-10T18:32:16","date_gmt":"2024-09-10T18:32:16","guid":{"rendered":"https:\/\/encastrar.com.ar\/?page_id=7581"},"modified":"2025-01-20T16:00:38","modified_gmt":"2025-01-20T16:00:38","slug":"productos","status":"publish","type":"page","link":"https:\/\/encastrar.com.ar\/eng\/productos\/","title":{"rendered":"Productos"},"content":{"rendered":"<div data-elementor-type=\"wp-page\" data-elementor-id=\"7581\" class=\"elementor elementor-7581\" data-elementor-post-type=\"page\">\n\t\t\t\t\t\t<section class=\"elementor-section elementor-top-section elementor-element elementor-element-fdd767e elementor-section-height-min-height elementor-section-items-top elementor-section-boxed elementor-section-height-default\" data-id=\"fdd767e\" data-element_type=\"section\" data-settings=\"{&quot;jet_parallax_layout_list&quot;:[],&quot;background_background&quot;:&quot;classic&quot;}\">\n\t\t\t\t\t\t\t<div class=\"elementor-background-overlay\"><\/div>\n\t\t\t\t\t\t\t<div class=\"elementor-container elementor-column-gap-default\">\n\t\t\t\t\t<div class=\"elementor-column elementor-col-33 elementor-top-column elementor-element elementor-element-9965479\" data-id=\"9965479\" data-element_type=\"column\" data-settings=\"{&quot;background_background&quot;:&quot;classic&quot;}\">\n\t\t\t<div class=\"elementor-widget-wrap elementor-element-populated\">\n\t\t\t\t\t\t<div class=\"elementor-element elementor-element-9da995f elementor-widget elementor-widget-image\" data-id=\"9da995f\" data-element_type=\"widget\" data-widget_type=\"image.default\">\n\t\t\t\t<div class=\"elementor-widget-container\">\n\t\t\t\t\t\t\t\t\t\t\t\t\t\t\t<img fetchpriority=\"high\" decoding=\"async\" width=\"800\" height=\"800\" src=\"https:\/\/encastrar.com.ar\/wp-content\/uploads\/2024\/02\/300766872_802143487624003_8518802075218491607_n-1-1024x1024.jpeg\" class=\"attachment-large size-large wp-image-7133\" alt=\"\" srcset=\"https:\/\/encastrar.com.ar\/wp-content\/uploads\/2024\/02\/300766872_802143487624003_8518802075218491607_n-1-1024x1024.jpeg 1024w, https:\/\/encastrar.com.ar\/wp-content\/uploads\/2024\/02\/elementor\/thumbs\/300766872_802143487624003_8518802075218491607_n-1-qjt4bw6mgljm1uiakpegw30bbkpqk9t5isvvtv2p4o.jpeg 300w, https:\/\/encastrar.com.ar\/wp-content\/uploads\/2024\/02\/300766872_802143487624003_8518802075218491607_n-1-100x100.jpeg 100w, https:\/\/encastrar.com.ar\/wp-content\/uploads\/2024\/02\/300766872_802143487624003_8518802075218491607_n-1-600x600.jpeg 600w, https:\/\/encastrar.com.ar\/wp-content\/uploads\/2024\/02\/300766872_802143487624003_8518802075218491607_n-1-12x12.jpeg 12w, https:\/\/encastrar.com.ar\/wp-content\/uploads\/2024\/02\/300766872_802143487624003_8518802075218491607_n-1-150x150.jpeg 150w, https:\/\/encastrar.com.ar\/wp-content\/uploads\/2024\/02\/300766872_802143487624003_8518802075218491607_n-1-768x768.jpeg 768w, https:\/\/encastrar.com.ar\/wp-content\/uploads\/2024\/02\/elementor\/thumbs\/300766872_802143487624003_8518802075218491607_n-1-qjt4bw6nogc1nuo0zm9n05uocwxd810velh1z9jx5s.jpeg 400w, https:\/\/encastrar.com.ar\/wp-content\/uploads\/2024\/02\/elementor\/thumbs\/300766872_802143487624003_8518802075218491607_n-1-qjt4bw6owb4h9utrej4t48p1e94zvs8lae284o156w.jpeg 500w, https:\/\/encastrar.com.ar\/wp-content\/uploads\/2024\/02\/300766872_802143487624003_8518802075218491607_n-1.jpeg 1080w\" sizes=\"(max-width: 800px) 100vw, 800px\" \/>\t\t\t\t\t\t\t\t\t\t\t\t\t\t\t<\/div>\n\t\t\t\t<\/div>\n\t\t\t\t<div class=\"elementor-element elementor-element-114c1c2 elementor-widget elementor-widget-heading\" data-id=\"114c1c2\" data-element_type=\"widget\" data-widget_type=\"heading.default\">\n\t\t\t\t<div class=\"elementor-widget-container\">\n\t\t\t\t\t<h2 class=\"elementor-heading-title elementor-size-default\">Kit completo<\/h2>\t\t\t\t<\/div>\n\t\t\t\t<\/div>\n\t\t\t\t<div class=\"elementor-element elementor-element-9132ec3 elementor-widget elementor-widget-text-editor\" data-id=\"9132ec3\" data-element_type=\"widget\" data-widget_type=\"text-editor.default\">\n\t\t\t\t<div class=\"elementor-widget-container\">\n\t\t\t\t\t\t\t\t\t<p>Kit completo para que armes tu pergola. Conoce nuestros modelos estandar.<\/p>\t\t\t\t\t\t\t\t<\/div>\n\t\t\t\t<\/div>\n\t\t\t\t<div class=\"elementor-element elementor-element-fe8800f elementor-align-center elementor-widget elementor-widget-button\" data-id=\"fe8800f\" data-element_type=\"widget\" data-widget_type=\"button.default\">\n\t\t\t\t<div class=\"elementor-widget-container\">\n\t\t\t\t\t\t\t\t\t<div class=\"elementor-button-wrapper\">\n\t\t\t\t\t<a class=\"elementor-button elementor-button-link elementor-size-sm elementor-animation-shrink\" href=\"https:\/\/encastrar.com.ar\/pergolas\/\">\n\t\t\t\t\t\t<span class=\"elementor-button-content-wrapper\">\n\t\t\t\t\t\t\t\t\t<span class=\"elementor-button-text\">Ver m\u00e1s<\/span>\n\t\t\t\t\t<\/span>\n\t\t\t\t\t<\/a>\n\t\t\t\t<\/div>\n\t\t\t\t\t\t\t\t<\/div>\n\t\t\t\t<\/div>\n\t\t\t\t\t<\/div>\n\t\t<\/div>\n\t\t\t\t<div class=\"elementor-column elementor-col-33 elementor-top-column elementor-element elementor-element-3680657\" data-id=\"3680657\" data-element_type=\"column\" data-settings=\"{&quot;background_background&quot;:&quot;classic&quot;}\">\n\t\t\t<div class=\"elementor-widget-wrap elementor-element-populated\">\n\t\t\t\t\t\t<div class=\"elementor-element elementor-element-7a433ac elementor-widget elementor-widget-image\" data-id=\"7a433ac\" data-element_type=\"widget\" data-widget_type=\"image.default\">\n\t\t\t\t<div class=\"elementor-widget-container\">\n\t\t\t\t\t\t\t\t\t\t\t\t\t\t\t<img decoding=\"async\" width=\"683\" height=\"1024\" src=\"https:\/\/encastrar.com.ar\/wp-content\/uploads\/2024\/09\/e100-scaled-683x1024.jpg\" class=\"attachment-large size-large wp-image-7655\" alt=\"\" srcset=\"https:\/\/encastrar.com.ar\/wp-content\/uploads\/2024\/09\/e100-scaled-683x1024.jpg 683w, https:\/\/encastrar.com.ar\/wp-content\/uploads\/2024\/09\/e100-scaled-600x900.jpg 600w, https:\/\/encastrar.com.ar\/wp-content\/uploads\/2024\/09\/e100-scaled-200x300.jpg 200w, https:\/\/encastrar.com.ar\/wp-content\/uploads\/2024\/09\/e100-scaled-768x1152.jpg 768w, https:\/\/encastrar.com.ar\/wp-content\/uploads\/2024\/09\/e100-scaled-1024x1536.jpg 1024w, https:\/\/encastrar.com.ar\/wp-content\/uploads\/2024\/09\/e100-scaled-1366x2048.jpg 1366w, https:\/\/encastrar.com.ar\/wp-content\/uploads\/2024\/09\/e100-scaled-8x12.jpg 8w, https:\/\/encastrar.com.ar\/wp-content\/uploads\/2024\/09\/e100-scaled.jpg 1707w\" sizes=\"(max-width: 683px) 100vw, 683px\" \/>\t\t\t\t\t\t\t\t\t\t\t\t\t\t\t<\/div>\n\t\t\t\t<\/div>\n\t\t\t\t<div class=\"elementor-element elementor-element-d537b13 elementor-widget elementor-widget-heading\" data-id=\"d537b13\" data-element_type=\"widget\" data-widget_type=\"heading.default\">\n\t\t\t\t<div class=\"elementor-widget-container\">\n\t\t\t\t\t<h2 class=\"elementor-heading-title elementor-size-default\">Conexiones<\/h2>\t\t\t\t<\/div>\n\t\t\t\t<\/div>\n\t\t\t\t<div class=\"elementor-element elementor-element-e48a6e9 elementor-widget elementor-widget-text-editor\" data-id=\"e48a6e9\" data-element_type=\"widget\" data-widget_type=\"text-editor.default\">\n\t\t\t\t<div class=\"elementor-widget-container\">\n\t\t\t\t\t\t\t\t\t<p>Para encastrar distintas partes y ampliar o crear nuevos tipos de pergolas a tu medida<\/p>\t\t\t\t\t\t\t\t<\/div>\n\t\t\t\t<\/div>\n\t\t\t\t<div class=\"elementor-element elementor-element-0885607 elementor-align-center elementor-widget elementor-widget-button\" data-id=\"0885607\" data-element_type=\"widget\" data-widget_type=\"button.default\">\n\t\t\t\t<div class=\"elementor-widget-container\">\n\t\t\t\t\t\t\t\t\t<div class=\"elementor-button-wrapper\">\n\t\t\t\t\t<a class=\"elementor-button elementor-button-link elementor-size-sm elementor-animation-shrink\" href=\"https:\/\/encastrar.com.ar\/conexiones\/\">\n\t\t\t\t\t\t<span class=\"elementor-button-content-wrapper\">\n\t\t\t\t\t\t\t\t\t<span class=\"elementor-button-text\">Ver m\u00e1s<\/span>\n\t\t\t\t\t<\/span>\n\t\t\t\t\t<\/a>\n\t\t\t\t<\/div>\n\t\t\t\t\t\t\t\t<\/div>\n\t\t\t\t<\/div>\n\t\t\t\t\t<\/div>\n\t\t<\/div>\n\t\t\t\t<div class=\"elementor-column elementor-col-33 elementor-top-column elementor-element elementor-element-735a793\" data-id=\"735a793\" data-element_type=\"column\" data-settings=\"{&quot;background_background&quot;:&quot;classic&quot;}\">\n\t\t\t<div class=\"elementor-widget-wrap elementor-element-populated\">\n\t\t\t\t\t\t<div class=\"elementor-element elementor-element-3384229 elementor-widget elementor-widget-image\" data-id=\"3384229\" data-element_type=\"widget\" data-widget_type=\"image.default\">\n\t\t\t\t<div class=\"elementor-widget-container\">\n\t\t\t\t\t\t\t\t\t\t\t\t\t\t\t<img decoding=\"async\" width=\"683\" height=\"1024\" src=\"https:\/\/encastrar.com.ar\/wp-content\/uploads\/2024\/09\/18-scaled-683x1024.jpg\" class=\"attachment-large size-large wp-image-7709\" alt=\"\" srcset=\"https:\/\/encastrar.com.ar\/wp-content\/uploads\/2024\/09\/18-scaled-683x1024.jpg 683w, https:\/\/encastrar.com.ar\/wp-content\/uploads\/2024\/09\/18-scaled-600x900.jpg 600w, https:\/\/encastrar.com.ar\/wp-content\/uploads\/2024\/09\/18-scaled-200x300.jpg 200w, https:\/\/encastrar.com.ar\/wp-content\/uploads\/2024\/09\/18-scaled-768x1152.jpg 768w, https:\/\/encastrar.com.ar\/wp-content\/uploads\/2024\/09\/18-scaled-1024x1536.jpg 1024w, https:\/\/encastrar.com.ar\/wp-content\/uploads\/2024\/09\/18-scaled-1366x2048.jpg 1366w, https:\/\/encastrar.com.ar\/wp-content\/uploads\/2024\/09\/18-scaled-8x12.jpg 8w, https:\/\/encastrar.com.ar\/wp-content\/uploads\/2024\/09\/18-scaled.jpg 1707w\" sizes=\"(max-width: 683px) 100vw, 683px\" \/>\t\t\t\t\t\t\t\t\t\t\t\t\t\t\t<\/div>\n\t\t\t\t<\/div>\n\t\t\t\t<div class=\"elementor-element elementor-element-cfe00b1 elementor-widget elementor-widget-heading\" data-id=\"cfe00b1\" data-element_type=\"widget\" data-widget_type=\"heading.default\">\n\t\t\t\t<div class=\"elementor-widget-container\">\n\t\t\t\t\t<h2 class=\"elementor-heading-title elementor-size-default\">Accesorios<\/h2>\t\t\t\t<\/div>\n\t\t\t\t<\/div>\n\t\t\t\t<div class=\"elementor-element elementor-element-1760c3d elementor-widget elementor-widget-text-editor\" data-id=\"1760c3d\" data-element_type=\"widget\" data-widget_type=\"text-editor.default\">\n\t\t\t\t<div class=\"elementor-widget-container\">\n\t\t\t\t\t\t\t\t\t<p>Complementos y accesorios para tus armados de pergolas personalizadas.<\/p>\t\t\t\t\t\t\t\t<\/div>\n\t\t\t\t<\/div>\n\t\t\t\t<div class=\"elementor-element elementor-element-59be3b0 elementor-align-center elementor-widget elementor-widget-button\" data-id=\"59be3b0\" data-element_type=\"widget\" data-widget_type=\"button.default\">\n\t\t\t\t<div class=\"elementor-widget-container\">\n\t\t\t\t\t\t\t\t\t<div class=\"elementor-button-wrapper\">\n\t\t\t\t\t<a class=\"elementor-button elementor-button-link elementor-size-sm elementor-animation-shrink\" href=\"https:\/\/encastrar.com.ar\/accesorios\/\">\n\t\t\t\t\t\t<span class=\"elementor-button-content-wrapper\">\n\t\t\t\t\t\t\t\t\t<span class=\"elementor-button-text\">Ver m\u00e1s<\/span>\n\t\t\t\t\t<\/span>\n\t\t\t\t\t<\/a>\n\t\t\t\t<\/div>\n\t\t\t\t\t\t\t\t<\/div>\n\t\t\t\t<\/div>\n\t\t\t\t\t<\/div>\n\t\t<\/div>\n\t\t\t\t\t<\/div>\n\t\t<\/section>\n\t\t\t\t<\/div>","protected":false},"excerpt":{"rendered":"<p>Kit completo Kit completo para que armes tu pergola. Conoce nuestros modelos estandar. Ver m\u00e1s Conexiones Para encastrar distintas partes y ampliar o crear nuevos tipos de pergolas a tu medida Ver m\u00e1s Accesorios Complementos y accesorios para tus armados de pergolas personalizadas. Ver m\u00e1s<\/p>","protected":false},"author":123458,"featured_media":0,"parent":0,"menu_order":0,"comment_status":"closed","ping_status":"closed","template":"elementor_header_footer","meta":{"_joinchat":[],"footnotes":""},"class_list":["post-7581","page","type-page","status-publish","hentry"],"yoast_head":"<!-- This site is optimized with the Yoast SEO plugin v26.1.1 - https:\/\/yoast.com\/wordpress\/plugins\/seo\/ -->\n<title>Productos - Encastrar Argentina<\/title>\n<meta name=\"description\" content=\"Conoce todos nuestros productos: kits de p\u00e9rgolas, conexiones y accesorios con f\u00e1cil armado y fabricaci\u00f3n nacional.\" \/>\n<meta name=\"robots\" content=\"index, follow, max-snippet:-1, max-image-preview:large, max-video-preview:-1\" \/>\n<link rel=\"canonical\" href=\"https:\/\/encastrar.com.ar\/eng\/productos\/\" \/>\n<meta property=\"og:locale\" content=\"en_US\" \/>\n<meta property=\"og:type\" content=\"article\" \/>\n<meta property=\"og:title\" content=\"Productos - Encastrar Argentina\" \/>\n<meta property=\"og:description\" content=\"Conoce todos nuestros productos: kits de p\u00e9rgolas, conexiones y accesorios con f\u00e1cil armado y fabricaci\u00f3n nacional.\" \/>\n<meta property=\"og:url\" content=\"https:\/\/encastrar.com.ar\/eng\/productos\/\" \/>\n<meta property=\"og:site_name\" content=\"Encastrar Argentina\" \/>\n<meta property=\"article:modified_time\" content=\"2025-01-20T16:00:38+00:00\" \/>\n<meta property=\"og:image\" content=\"http:\/\/encastrar.com.ar\/wp-content\/uploads\/2024\/02\/300766872_802143487624003_8518802075218491607_n-1-1024x1024.jpeg\" \/>\n<meta name=\"twitter:card\" content=\"summary_large_image\" \/>\n<meta name=\"twitter:label1\" content=\"Est. reading time\" \/>\n\t<meta name=\"twitter:data1\" content=\"1 minute\" \/>\n<script type=\"application\/ld+json\" class=\"yoast-schema-graph\">{\"@context\":\"https:\/\/schema.org\",\"@graph\":[{\"@type\":\"WebPage\",\"@id\":\"https:\/\/encastrar.com.ar\/productos\/\",\"url\":\"https:\/\/encastrar.com.ar\/productos\/\",\"name\":\"Productos - Encastrar Argentina\",\"isPartOf\":{\"@id\":\"https:\/\/encastrar.com.ar\/#website\"},\"primaryImageOfPage\":{\"@id\":\"https:\/\/encastrar.com.ar\/productos\/#primaryimage\"},\"image\":{\"@id\":\"https:\/\/encastrar.com.ar\/productos\/#primaryimage\"},\"thumbnailUrl\":\"http:\/\/encastrar.com.ar\/wp-content\/uploads\/2024\/02\/300766872_802143487624003_8518802075218491607_n-1-1024x1024.jpeg\",\"datePublished\":\"2024-09-10T18:32:16+00:00\",\"dateModified\":\"2025-01-20T16:00:38+00:00\",\"description\":\"Conoce todos nuestros productos: kits de p\u00e9rgolas, conexiones y accesorios con f\u00e1cil armado y fabricaci\u00f3n nacional.\",\"breadcrumb\":{\"@id\":\"https:\/\/encastrar.com.ar\/productos\/#breadcrumb\"},\"inLanguage\":\"en-US\",\"potentialAction\":[{\"@type\":\"ReadAction\",\"target\":[\"https:\/\/encastrar.com.ar\/productos\/\"]}]},{\"@type\":\"ImageObject\",\"inLanguage\":\"en-US\",\"@id\":\"https:\/\/encastrar.com.ar\/productos\/#primaryimage\",\"url\":\"http:\/\/encastrar.com.ar\/wp-content\/uploads\/2024\/02\/300766872_802143487624003_8518802075218491607_n-1-1024x1024.jpeg\",\"contentUrl\":\"http:\/\/encastrar.com.ar\/wp-content\/uploads\/2024\/02\/300766872_802143487624003_8518802075218491607_n-1-1024x1024.jpeg\"},{\"@type\":\"BreadcrumbList\",\"@id\":\"https:\/\/encastrar.com.ar\/productos\/#breadcrumb\",\"itemListElement\":[{\"@type\":\"ListItem\",\"position\":1,\"name\":\"Home\",\"item\":\"https:\/\/encastrar.com.ar\/\"},{\"@type\":\"ListItem\",\"position\":2,\"name\":\"Productos\"}]},{\"@type\":\"WebSite\",\"@id\":\"https:\/\/encastrar.com.ar\/#website\",\"url\":\"https:\/\/encastrar.com.ar\/\",\"name\":\"Encastrar Argentina\",\"description\":\"Pergolas a medida\",\"publisher\":{\"@id\":\"https:\/\/encastrar.com.ar\/#organization\"},\"potentialAction\":[{\"@type\":\"SearchAction\",\"target\":{\"@type\":\"EntryPoint\",\"urlTemplate\":\"https:\/\/encastrar.com.ar\/?s={search_term_string}\"},\"query-input\":{\"@type\":\"PropertyValueSpecification\",\"valueRequired\":true,\"valueName\":\"search_term_string\"}}],\"inLanguage\":\"en-US\"},{\"@type\":\"Organization\",\"@id\":\"https:\/\/encastrar.com.ar\/#organization\",\"name\":\"Encastrar Argentina\",\"url\":\"https:\/\/encastrar.com.ar\/\",\"logo\":{\"@type\":\"ImageObject\",\"inLanguage\":\"en-US\",\"@id\":\"https:\/\/encastrar.com.ar\/#\/schema\/logo\/image\/\",\"url\":\"https:\/\/encastrar.com.ar\/wp-content\/uploads\/2024\/02\/cropped-icono.png\",\"contentUrl\":\"https:\/\/encastrar.com.ar\/wp-content\/uploads\/2024\/02\/cropped-icono.png\",\"width\":340,\"height\":340,\"caption\":\"Encastrar Argentina\"},\"image\":{\"@id\":\"https:\/\/encastrar.com.ar\/#\/schema\/logo\/image\/\"}}]}<\/script>\n<!-- \/ Yoast SEO plugin. -->","yoast_head_json":{"title":"Productos - Encastrar Argentina","description":"Conoce todos nuestros productos: kits de p\u00e9rgolas, conexiones y accesorios con f\u00e1cil armado y fabricaci\u00f3n nacional.","robots":{"index":"index","follow":"follow","max-snippet":"max-snippet:-1","max-image-preview":"max-image-preview:large","max-video-preview":"max-video-preview:-1"},"canonical":"https:\/\/encastrar.com.ar\/eng\/productos\/","og_locale":"en_US","og_type":"article","og_title":"Productos - Encastrar Argentina","og_description":"Conoce todos nuestros productos: kits de p\u00e9rgolas, conexiones y accesorios con f\u00e1cil armado y fabricaci\u00f3n nacional.","og_url":"https:\/\/encastrar.com.ar\/eng\/productos\/","og_site_name":"Encastrar Argentina","article_modified_time":"2025-01-20T16:00:38+00:00","og_image":[{"url":"http:\/\/encastrar.com.ar\/wp-content\/uploads\/2024\/02\/300766872_802143487624003_8518802075218491607_n-1-1024x1024.jpeg","type":"","width":"","height":""}],"twitter_card":"summary_large_image","twitter_misc":{"Est. reading time":"1 minute"},"schema":{"@context":"https:\/\/schema.org","@graph":[{"@type":"WebPage","@id":"https:\/\/encastrar.com.ar\/productos\/","url":"https:\/\/encastrar.com.ar\/productos\/","name":"Productos - Encastrar Argentina","isPartOf":{"@id":"https:\/\/encastrar.com.ar\/#website"},"primaryImageOfPage":{"@id":"https:\/\/encastrar.com.ar\/productos\/#primaryimage"},"image":{"@id":"https:\/\/encastrar.com.ar\/productos\/#primaryimage"},"thumbnailUrl":"http:\/\/encastrar.com.ar\/wp-content\/uploads\/2024\/02\/300766872_802143487624003_8518802075218491607_n-1-1024x1024.jpeg","datePublished":"2024-09-10T18:32:16+00:00","dateModified":"2025-01-20T16:00:38+00:00","description":"Conoce todos nuestros productos: kits de p\u00e9rgolas, conexiones y accesorios con f\u00e1cil armado y fabricaci\u00f3n nacional.","breadcrumb":{"@id":"https:\/\/encastrar.com.ar\/productos\/#breadcrumb"},"inLanguage":"en-US","potentialAction":[{"@type":"ReadAction","target":["https:\/\/encastrar.com.ar\/productos\/"]}]},{"@type":"ImageObject","inLanguage":"en-US","@id":"https:\/\/encastrar.com.ar\/productos\/#primaryimage","url":"http:\/\/encastrar.com.ar\/wp-content\/uploads\/2024\/02\/300766872_802143487624003_8518802075218491607_n-1-1024x1024.jpeg","contentUrl":"http:\/\/encastrar.com.ar\/wp-content\/uploads\/2024\/02\/300766872_802143487624003_8518802075218491607_n-1-1024x1024.jpeg"},{"@type":"BreadcrumbList","@id":"https:\/\/encastrar.com.ar\/productos\/#breadcrumb","itemListElement":[{"@type":"ListItem","position":1,"name":"Home","item":"https:\/\/encastrar.com.ar\/"},{"@type":"ListItem","position":2,"name":"Productos"}]},{"@type":"WebSite","@id":"https:\/\/encastrar.com.ar\/#website","url":"https:\/\/encastrar.com.ar\/","name":"Encastrar Argentina","description":"Pergolas a medida","publisher":{"@id":"https:\/\/encastrar.com.ar\/#organization"},"potentialAction":[{"@type":"SearchAction","target":{"@type":"EntryPoint","urlTemplate":"https:\/\/encastrar.com.ar\/?s={search_term_string}"},"query-input":{"@type":"PropertyValueSpecification","valueRequired":true,"valueName":"search_term_string"}}],"inLanguage":"en-US"},{"@type":"Organization","@id":"https:\/\/encastrar.com.ar\/#organization","name":"Encastrar Argentina","url":"https:\/\/encastrar.com.ar\/","logo":{"@type":"ImageObject","inLanguage":"en-US","@id":"https:\/\/encastrar.com.ar\/#\/schema\/logo\/image\/","url":"https:\/\/encastrar.com.ar\/wp-content\/uploads\/2024\/02\/cropped-icono.png","contentUrl":"https:\/\/encastrar.com.ar\/wp-content\/uploads\/2024\/02\/cropped-icono.png","width":340,"height":340,"caption":"Encastrar Argentina"},"image":{"@id":"https:\/\/encastrar.com.ar\/#\/schema\/logo\/image\/"}}]}},"_links":{"self":[{"href":"https:\/\/encastrar.com.ar\/eng\/wp-json\/wp\/v2\/pages\/7581","targetHints":{"allow":["GET"]}}],"collection":[{"href":"https:\/\/encastrar.com.ar\/eng\/wp-json\/wp\/v2\/pages"}],"about":[{"href":"https:\/\/encastrar.com.ar\/eng\/wp-json\/wp\/v2\/types\/page"}],"author":[{"embeddable":true,"href":"https:\/\/encastrar.com.ar\/eng\/wp-json\/wp\/v2\/users\/123458"}],"replies":[{"embeddable":true,"href":"https:\/\/encastrar.com.ar\/eng\/wp-json\/wp\/v2\/comments?post=7581"}],"version-history":[{"count":10,"href":"https:\/\/encastrar.com.ar\/eng\/wp-json\/wp\/v2\/pages\/7581\/revisions"}],"predecessor-version":[{"id":8073,"href":"https:\/\/encastrar.com.ar\/eng\/wp-json\/wp\/v2\/pages\/7581\/revisions\/8073"}],"wp:attachment":[{"href":"https:\/\/encastrar.com.ar\/eng\/wp-json\/wp\/v2\/media?parent=7581"}],"curies":[{"name":"wp","href":"https:\/\/api.w.org\/{rel}","templated":true}]}}