{"id":1960,"date":"2023-03-29T12:58:42","date_gmt":"2023-03-29T12:58:42","guid":{"rendered":"https:\/\/encastrar.com.ar\/?page_id=1960"},"modified":"2025-09-12T18:17:49","modified_gmt":"2025-09-12T18:17:49","slug":"pergolas","status":"publish","type":"page","link":"https:\/\/encastrar.com.ar\/eng\/pergolas\/","title":{"rendered":"P\u00e9rgolas"},"content":{"rendered":"<div data-elementor-type=\"wp-page\" data-elementor-id=\"1960\" class=\"elementor elementor-1960\" data-elementor-post-type=\"page\">\n\t\t\t\t\t\t<section class=\"elementor-section elementor-top-section elementor-element elementor-element-a173085 elementor-section-full_width elementor-section-height-default elementor-section-height-default\" data-id=\"a173085\" data-element_type=\"section\" data-settings=\"{&quot;jet_parallax_layout_list&quot;:[]}\">\n\t\t\t\t\t\t<div class=\"elementor-container elementor-column-gap-default\">\n\t\t\t\t\t<div class=\"elementor-column elementor-col-100 elementor-top-column elementor-element elementor-element-b50d59a\" data-id=\"b50d59a\" data-element_type=\"column\">\n\t\t\t<div class=\"elementor-widget-wrap elementor-element-populated\">\n\t\t\t\t\t\t<div class=\"elementor-element elementor-element-d863319 elementor-widget elementor-widget-jet-slider\" data-id=\"d863319\" data-element_type=\"widget\" data-settings=\"{&quot;slider_height&quot;:{&quot;unit&quot;:&quot;px&quot;,&quot;size&quot;:&quot;400&quot;,&quot;sizes&quot;:[]},&quot;slider_height_mobile&quot;:{&quot;unit&quot;:&quot;px&quot;,&quot;size&quot;:&quot;200&quot;,&quot;sizes&quot;:[]},&quot;slider_height_tablet&quot;:{&quot;unit&quot;:&quot;px&quot;,&quot;size&quot;:&quot;&quot;,&quot;sizes&quot;:[]}}\" data-widget_type=\"jet-slider.default\">\n\t\t\t\t<div class=\"elementor-widget-container\">\n\t\t\t\t\t<div class=\"elementor-jet-slider jet-elements\">\n<div class=\"jet-slider jet-slider__image-exact\" data-settings='{&quot;sliderWidth&quot;:{&quot;unit&quot;:&quot;%&quot;,&quot;size&quot;:100,&quot;sizes&quot;:[]},&quot;sliderHeight&quot;:{&quot;unit&quot;:&quot;px&quot;,&quot;size&quot;:&quot;400&quot;,&quot;sizes&quot;:[]},&quot;sliderNavigation&quot;:false,&quot;sliderNavigationIcon&quot;:&quot;jet-slider__arrow-icon-d863319&quot;,&quot;sliderNaviOnHover&quot;:false,&quot;sliderPagination&quot;:false,&quot;sliderAutoplay&quot;:false,&quot;sliderAutoplayDelay&quot;:5000,&quot;sliderAutoplayOnHover&quot;:&quot;pause&quot;,&quot;sliderFullScreen&quot;:false,&quot;sliderFullscreenIcon&quot;:&quot;jet-slider__fullscreen-icon-d863319&quot;,&quot;sliderShuffle&quot;:false,&quot;sliderLoop&quot;:false,&quot;sliderFadeMode&quot;:false,&quot;slideDistance&quot;:{&quot;unit&quot;:&quot;px&quot;,&quot;size&quot;:10,&quot;sizes&quot;:[]},&quot;slideDuration&quot;:500,&quot;imageScaleMode&quot;:&quot;exact&quot;,&quot;thumbnails&quot;:false,&quot;thumbnailWidth&quot;:120,&quot;thumbnailHeight&quot;:80,&quot;rightToLeft&quot;:false,&quot;touchswipe&quot;:false,&quot;fractionPag&quot;:false,&quot;autoSliderHeight&quot;:false}'>\n\t\n<div  class=\"slider-pro\"><div class=\"jet-slider__arrow-icon-d863319 hidden-html\"><\/div><div class=\"jet-slider__fullscreen-icon-d863319 hidden-html\"><\/div><div class=\"jet-slider__items sp-slides\">\n\n\n<div  class=\"jet-slider__item sp-slide elementor-repeater-item-141a825\"><img decoding=\"async\" class=\"sp-image\" src=\"https:\/\/encastrar.com.ar\/wp-content\/uploads\/2024\/10\/pergolas-autoportantes-ventajas-e1728010226917.jpg\" alt=\"pergolas-autoportantes-ventajas\"><div class=\"jet-slider__content sp-layer\" data-position=\"centerCenter\" data-width=\"100%\" data-height=\"100%\" data-horizontal=\"0%\" data-show-transition=\"up\" data-show-duration=\"400\" data-show-delay=\"400\" >\n\t\t<div class=\"jet-slider__content-item\">\n\t\t\t<div class=\"jet-slider__content-inner\"><h5 class=\"jet-slider__title\">Kit completo<\/h5><h5 class=\"jet-slider__subtitle\">Disponemos de distintas modalidades est\u00e1ndar.<\/h5>\n\t\t\t\t\t\t<div class=\"jet-slider__button-wrapper\">\t\t\t\t\t\t<\/div><\/div>\n\t\t<\/div>\n\t\t\t<\/div>\n<\/div>\n\n<\/div>\n<\/div>\n<\/div>\n<\/div>\t\t\t\t<\/div>\n\t\t\t\t<\/div>\n\t\t\t\t\t<\/div>\n\t\t<\/div>\n\t\t\t\t\t<\/div>\n\t\t<\/section>\n\t\t\t\t<section class=\"elementor-section elementor-top-section elementor-element elementor-element-66c006b elementor-section-boxed elementor-section-height-default elementor-section-height-default\" data-id=\"66c006b\" data-element_type=\"section\" data-settings=\"{&quot;jet_parallax_layout_list&quot;:[]}\">\n\t\t\t\t\t\t<div class=\"elementor-container elementor-column-gap-default\">\n\t\t\t\t\t<div class=\"elementor-column elementor-col-50 elementor-top-column elementor-element elementor-element-52bd608\" data-id=\"52bd608\" data-element_type=\"column\">\n\t\t\t<div class=\"elementor-widget-wrap elementor-element-populated\">\n\t\t\t\t\t\t<div class=\"elementor-element elementor-element-bde2e19 elementor-widget elementor-widget-image\" data-id=\"bde2e19\" data-element_type=\"widget\" data-widget_type=\"image.default\">\n\t\t\t\t<div class=\"elementor-widget-container\">\n\t\t\t\t\t\t\t\t\t\t\t\t\t\t\t\t<a href=\"https:\/\/encastrar.com.ar\/categoria-producto\/kit\/fijacion-al-suelo\/\">\n\t\t\t\t\t\t\t<img fetchpriority=\"high\" decoding=\"async\" width=\"800\" height=\"381\" src=\"https:\/\/encastrar.com.ar\/wp-content\/uploads\/2024\/07\/RENDER-1-MODULO-SIMPLE-1024x488.jpg\" class=\"attachment-large size-large wp-image-8642\" alt=\"\" srcset=\"https:\/\/encastrar.com.ar\/wp-content\/uploads\/2024\/07\/RENDER-1-MODULO-SIMPLE-1024x488.jpg 1024w, https:\/\/encastrar.com.ar\/wp-content\/uploads\/2024\/07\/RENDER-1-MODULO-SIMPLE-1536x732.jpg 1536w\" sizes=\"(max-width: 800px) 100vw, 800px\" \/>\t\t\t\t\t\t\t\t<\/a>\n\t\t\t\t\t\t\t\t\t\t\t\t\t\t\t<\/div>\n\t\t\t\t<\/div>\n\t\t\t\t<div class=\"elementor-element elementor-element-8a4b2ee elementor-widget elementor-widget-heading\" data-id=\"8a4b2ee\" data-element_type=\"widget\" data-widget_type=\"heading.default\">\n\t\t\t\t<div class=\"elementor-widget-container\">\n\t\t\t\t\t<h2 class=\"elementor-heading-title elementor-size-default\">Fijaci\u00f3n al suelo<\/h2>\t\t\t\t<\/div>\n\t\t\t\t<\/div>\n\t\t\t\t<div class=\"elementor-element elementor-element-e1de878 elementor-align-center elementor-widget elementor-widget-button\" data-id=\"e1de878\" data-element_type=\"widget\" data-widget_type=\"button.default\">\n\t\t\t\t<div class=\"elementor-widget-container\">\n\t\t\t\t\t\t\t\t\t<div class=\"elementor-button-wrapper\">\n\t\t\t\t\t<a class=\"elementor-button elementor-button-link elementor-size-sm\" href=\"https:\/\/encastrar.com.ar\/categoria-producto\/kit\/fijacion-al-suelo\/\">\n\t\t\t\t\t\t<span class=\"elementor-button-content-wrapper\">\n\t\t\t\t\t\t\t\t\t<span class=\"elementor-button-text\">Ver m\u00e1s<\/span>\n\t\t\t\t\t<\/span>\n\t\t\t\t\t<\/a>\n\t\t\t\t<\/div>\n\t\t\t\t\t\t\t\t<\/div>\n\t\t\t\t<\/div>\n\t\t\t\t\t<\/div>\n\t\t<\/div>\n\t\t\t\t<div class=\"elementor-column elementor-col-50 elementor-top-column elementor-element elementor-element-b384001\" data-id=\"b384001\" data-element_type=\"column\">\n\t\t\t<div class=\"elementor-widget-wrap elementor-element-populated\">\n\t\t\t\t\t\t<div class=\"elementor-element elementor-element-dc0e4ef elementor-widget elementor-widget-image\" data-id=\"dc0e4ef\" data-element_type=\"widget\" data-widget_type=\"image.default\">\n\t\t\t\t<div class=\"elementor-widget-container\">\n\t\t\t\t\t\t\t\t\t\t\t\t\t\t\t\t<a href=\"https:\/\/encastrar.com.ar\/categoria-producto\/kit\/fijacion-suelo-y-pared\/\">\n\t\t\t\t\t\t\t<img decoding=\"async\" width=\"800\" height=\"381\" src=\"https:\/\/encastrar.com.ar\/wp-content\/uploads\/2024\/07\/RENDER-1-COCHERA-A-PARED-1-1024x488.jpg\" class=\"attachment-large size-large wp-image-8629\" alt=\"\" srcset=\"https:\/\/encastrar.com.ar\/wp-content\/uploads\/2024\/07\/RENDER-1-COCHERA-A-PARED-1-1024x488.jpg 1024w, https:\/\/encastrar.com.ar\/wp-content\/uploads\/2024\/07\/RENDER-1-COCHERA-A-PARED-1-600x286.jpg 600w, https:\/\/encastrar.com.ar\/wp-content\/uploads\/2024\/07\/RENDER-1-COCHERA-A-PARED-1-300x143.jpg 300w, https:\/\/encastrar.com.ar\/wp-content\/uploads\/2024\/07\/RENDER-1-COCHERA-A-PARED-1-768x366.jpg 768w, https:\/\/encastrar.com.ar\/wp-content\/uploads\/2024\/07\/RENDER-1-COCHERA-A-PARED-1-1536x732.jpg 1536w, https:\/\/encastrar.com.ar\/wp-content\/uploads\/2024\/07\/RENDER-1-COCHERA-A-PARED-1-18x9.jpg 18w, https:\/\/encastrar.com.ar\/wp-content\/uploads\/2024\/07\/RENDER-1-COCHERA-A-PARED-1.jpg 1879w\" sizes=\"(max-width: 800px) 100vw, 800px\" \/>\t\t\t\t\t\t\t\t<\/a>\n\t\t\t\t\t\t\t\t\t\t\t\t\t\t\t<\/div>\n\t\t\t\t<\/div>\n\t\t\t\t<div class=\"elementor-element elementor-element-2d26288 elementor-widget elementor-widget-heading\" data-id=\"2d26288\" data-element_type=\"widget\" data-widget_type=\"heading.default\">\n\t\t\t\t<div class=\"elementor-widget-container\">\n\t\t\t\t\t<h2 class=\"elementor-heading-title elementor-size-default\">Fijaci\u00f3n al suelo y pared<\/h2>\t\t\t\t<\/div>\n\t\t\t\t<\/div>\n\t\t\t\t<div class=\"elementor-element elementor-element-b736508 elementor-align-center elementor-widget elementor-widget-button\" data-id=\"b736508\" data-element_type=\"widget\" data-widget_type=\"button.default\">\n\t\t\t\t<div class=\"elementor-widget-container\">\n\t\t\t\t\t\t\t\t\t<div class=\"elementor-button-wrapper\">\n\t\t\t\t\t<a class=\"elementor-button elementor-button-link elementor-size-sm\" href=\"https:\/\/encastrar.com.ar\/categoria-producto\/kit\/fijacion-suelo-y-pared\/\">\n\t\t\t\t\t\t<span class=\"elementor-button-content-wrapper\">\n\t\t\t\t\t\t\t\t\t<span class=\"elementor-button-text\">Ver m\u00e1s<\/span>\n\t\t\t\t\t<\/span>\n\t\t\t\t\t<\/a>\n\t\t\t\t<\/div>\n\t\t\t\t\t\t\t\t<\/div>\n\t\t\t\t<\/div>\n\t\t\t\t\t<\/div>\n\t\t<\/div>\n\t\t\t\t\t<\/div>\n\t\t<\/section>\n\t\t\t\t<\/div>","protected":false},"excerpt":{"rendered":"<p>Kit completo Disponemos de distintas modalidades est\u00e1ndar. Fijaci\u00f3n al suelo Ver m\u00e1s Fijaci\u00f3n al suelo y pared Ver m\u00e1s<\/p>","protected":false},"author":123458,"featured_media":0,"parent":0,"menu_order":0,"comment_status":"closed","ping_status":"closed","template":"elementor_header_footer","meta":{"_joinchat":[],"footnotes":""},"class_list":["post-1960","page","type-page","status-publish","hentry"],"yoast_head":"<!-- This site is optimized with the Yoast SEO plugin v26.1.1 - https:\/\/yoast.com\/wordpress\/plugins\/seo\/ -->\n<title>P\u00e9rgolas - Encastrar Argentina<\/title>\n<meta name=\"description\" content=\"Conoce nuestros kits de p\u00e9rgolas para armar: f\u00e1cil instalaci\u00f3n, dise\u00f1o personalizado y fabricaci\u00f3n nacional de calidad.\" \/>\n<meta name=\"robots\" content=\"index, follow, max-snippet:-1, max-image-preview:large, max-video-preview:-1\" \/>\n<link rel=\"canonical\" href=\"https:\/\/encastrar.com.ar\/eng\/pergolas\/\" \/>\n<meta property=\"og:locale\" content=\"en_US\" \/>\n<meta property=\"og:type\" content=\"article\" \/>\n<meta property=\"og:title\" content=\"P\u00e9rgolas - Encastrar Argentina\" \/>\n<meta property=\"og:description\" content=\"Conoce nuestros kits de p\u00e9rgolas para armar: f\u00e1cil instalaci\u00f3n, dise\u00f1o personalizado y fabricaci\u00f3n nacional de calidad.\" \/>\n<meta property=\"og:url\" content=\"https:\/\/encastrar.com.ar\/eng\/pergolas\/\" \/>\n<meta property=\"og:site_name\" content=\"Encastrar Argentina\" \/>\n<meta property=\"article:modified_time\" content=\"2025-09-12T18:17:49+00:00\" \/>\n<meta property=\"og:image\" content=\"http:\/\/encastrar.com.ar\/wp-content\/uploads\/2024\/10\/pergolas-autoportantes-ventajas-e1728010226917.jpg\" \/>\n<meta name=\"twitter:card\" content=\"summary_large_image\" \/>\n<meta name=\"twitter:label1\" content=\"Est. reading time\" \/>\n\t<meta name=\"twitter:data1\" content=\"1 minute\" \/>\n<script type=\"application\/ld+json\" class=\"yoast-schema-graph\">{\"@context\":\"https:\/\/schema.org\",\"@graph\":[{\"@type\":\"WebPage\",\"@id\":\"https:\/\/encastrar.com.ar\/pergolas\/\",\"url\":\"https:\/\/encastrar.com.ar\/pergolas\/\",\"name\":\"P\u00e9rgolas - Encastrar Argentina\",\"isPartOf\":{\"@id\":\"https:\/\/encastrar.com.ar\/#website\"},\"primaryImageOfPage\":{\"@id\":\"https:\/\/encastrar.com.ar\/pergolas\/#primaryimage\"},\"image\":{\"@id\":\"https:\/\/encastrar.com.ar\/pergolas\/#primaryimage\"},\"thumbnailUrl\":\"http:\/\/encastrar.com.ar\/wp-content\/uploads\/2024\/10\/pergolas-autoportantes-ventajas-e1728010226917.jpg\",\"datePublished\":\"2023-03-29T12:58:42+00:00\",\"dateModified\":\"2025-09-12T18:17:49+00:00\",\"description\":\"Conoce nuestros kits de p\u00e9rgolas para armar: f\u00e1cil instalaci\u00f3n, dise\u00f1o personalizado y fabricaci\u00f3n nacional de calidad.\",\"breadcrumb\":{\"@id\":\"https:\/\/encastrar.com.ar\/pergolas\/#breadcrumb\"},\"inLanguage\":\"en-US\",\"potentialAction\":[{\"@type\":\"ReadAction\",\"target\":[\"https:\/\/encastrar.com.ar\/pergolas\/\"]}]},{\"@type\":\"ImageObject\",\"inLanguage\":\"en-US\",\"@id\":\"https:\/\/encastrar.com.ar\/pergolas\/#primaryimage\",\"url\":\"http:\/\/encastrar.com.ar\/wp-content\/uploads\/2024\/10\/pergolas-autoportantes-ventajas-e1728010226917.jpg\",\"contentUrl\":\"http:\/\/encastrar.com.ar\/wp-content\/uploads\/2024\/10\/pergolas-autoportantes-ventajas-e1728010226917.jpg\"},{\"@type\":\"BreadcrumbList\",\"@id\":\"https:\/\/encastrar.com.ar\/pergolas\/#breadcrumb\",\"itemListElement\":[{\"@type\":\"ListItem\",\"position\":1,\"name\":\"Home\",\"item\":\"https:\/\/encastrar.com.ar\/\"},{\"@type\":\"ListItem\",\"position\":2,\"name\":\"P\u00e9rgolas\"}]},{\"@type\":\"WebSite\",\"@id\":\"https:\/\/encastrar.com.ar\/#website\",\"url\":\"https:\/\/encastrar.com.ar\/\",\"name\":\"Encastrar Argentina\",\"description\":\"Pergolas a medida\",\"publisher\":{\"@id\":\"https:\/\/encastrar.com.ar\/#organization\"},\"potentialAction\":[{\"@type\":\"SearchAction\",\"target\":{\"@type\":\"EntryPoint\",\"urlTemplate\":\"https:\/\/encastrar.com.ar\/?s={search_term_string}\"},\"query-input\":{\"@type\":\"PropertyValueSpecification\",\"valueRequired\":true,\"valueName\":\"search_term_string\"}}],\"inLanguage\":\"en-US\"},{\"@type\":\"Organization\",\"@id\":\"https:\/\/encastrar.com.ar\/#organization\",\"name\":\"Encastrar Argentina\",\"url\":\"https:\/\/encastrar.com.ar\/\",\"logo\":{\"@type\":\"ImageObject\",\"inLanguage\":\"en-US\",\"@id\":\"https:\/\/encastrar.com.ar\/#\/schema\/logo\/image\/\",\"url\":\"https:\/\/encastrar.com.ar\/wp-content\/uploads\/2024\/02\/cropped-icono.png\",\"contentUrl\":\"https:\/\/encastrar.com.ar\/wp-content\/uploads\/2024\/02\/cropped-icono.png\",\"width\":340,\"height\":340,\"caption\":\"Encastrar Argentina\"},\"image\":{\"@id\":\"https:\/\/encastrar.com.ar\/#\/schema\/logo\/image\/\"}}]}<\/script>\n<!-- \/ Yoast SEO plugin. -->","yoast_head_json":{"title":"P\u00e9rgolas - Encastrar Argentina","description":"Conoce nuestros kits de p\u00e9rgolas para armar: f\u00e1cil instalaci\u00f3n, dise\u00f1o personalizado y fabricaci\u00f3n nacional de calidad.","robots":{"index":"index","follow":"follow","max-snippet":"max-snippet:-1","max-image-preview":"max-image-preview:large","max-video-preview":"max-video-preview:-1"},"canonical":"https:\/\/encastrar.com.ar\/eng\/pergolas\/","og_locale":"en_US","og_type":"article","og_title":"P\u00e9rgolas - Encastrar Argentina","og_description":"Conoce nuestros kits de p\u00e9rgolas para armar: f\u00e1cil instalaci\u00f3n, dise\u00f1o personalizado y fabricaci\u00f3n nacional de calidad.","og_url":"https:\/\/encastrar.com.ar\/eng\/pergolas\/","og_site_name":"Encastrar Argentina","article_modified_time":"2025-09-12T18:17:49+00:00","og_image":[{"url":"http:\/\/encastrar.com.ar\/wp-content\/uploads\/2024\/10\/pergolas-autoportantes-ventajas-e1728010226917.jpg","type":"","width":"","height":""}],"twitter_card":"summary_large_image","twitter_misc":{"Est. reading time":"1 minute"},"schema":{"@context":"https:\/\/schema.org","@graph":[{"@type":"WebPage","@id":"https:\/\/encastrar.com.ar\/pergolas\/","url":"https:\/\/encastrar.com.ar\/pergolas\/","name":"P\u00e9rgolas - Encastrar Argentina","isPartOf":{"@id":"https:\/\/encastrar.com.ar\/#website"},"primaryImageOfPage":{"@id":"https:\/\/encastrar.com.ar\/pergolas\/#primaryimage"},"image":{"@id":"https:\/\/encastrar.com.ar\/pergolas\/#primaryimage"},"thumbnailUrl":"http:\/\/encastrar.com.ar\/wp-content\/uploads\/2024\/10\/pergolas-autoportantes-ventajas-e1728010226917.jpg","datePublished":"2023-03-29T12:58:42+00:00","dateModified":"2025-09-12T18:17:49+00:00","description":"Conoce nuestros kits de p\u00e9rgolas para armar: f\u00e1cil instalaci\u00f3n, dise\u00f1o personalizado y fabricaci\u00f3n nacional de calidad.","breadcrumb":{"@id":"https:\/\/encastrar.com.ar\/pergolas\/#breadcrumb"},"inLanguage":"en-US","potentialAction":[{"@type":"ReadAction","target":["https:\/\/encastrar.com.ar\/pergolas\/"]}]},{"@type":"ImageObject","inLanguage":"en-US","@id":"https:\/\/encastrar.com.ar\/pergolas\/#primaryimage","url":"http:\/\/encastrar.com.ar\/wp-content\/uploads\/2024\/10\/pergolas-autoportantes-ventajas-e1728010226917.jpg","contentUrl":"http:\/\/encastrar.com.ar\/wp-content\/uploads\/2024\/10\/pergolas-autoportantes-ventajas-e1728010226917.jpg"},{"@type":"BreadcrumbList","@id":"https:\/\/encastrar.com.ar\/pergolas\/#breadcrumb","itemListElement":[{"@type":"ListItem","position":1,"name":"Home","item":"https:\/\/encastrar.com.ar\/"},{"@type":"ListItem","position":2,"name":"P\u00e9rgolas"}]},{"@type":"WebSite","@id":"https:\/\/encastrar.com.ar\/#website","url":"https:\/\/encastrar.com.ar\/","name":"Encastrar Argentina","description":"Pergolas a medida","publisher":{"@id":"https:\/\/encastrar.com.ar\/#organization"},"potentialAction":[{"@type":"SearchAction","target":{"@type":"EntryPoint","urlTemplate":"https:\/\/encastrar.com.ar\/?s={search_term_string}"},"query-input":{"@type":"PropertyValueSpecification","valueRequired":true,"valueName":"search_term_string"}}],"inLanguage":"en-US"},{"@type":"Organization","@id":"https:\/\/encastrar.com.ar\/#organization","name":"Encastrar Argentina","url":"https:\/\/encastrar.com.ar\/","logo":{"@type":"ImageObject","inLanguage":"en-US","@id":"https:\/\/encastrar.com.ar\/#\/schema\/logo\/image\/","url":"https:\/\/encastrar.com.ar\/wp-content\/uploads\/2024\/02\/cropped-icono.png","contentUrl":"https:\/\/encastrar.com.ar\/wp-content\/uploads\/2024\/02\/cropped-icono.png","width":340,"height":340,"caption":"Encastrar Argentina"},"image":{"@id":"https:\/\/encastrar.com.ar\/#\/schema\/logo\/image\/"}}]}},"_links":{"self":[{"href":"https:\/\/encastrar.com.ar\/eng\/wp-json\/wp\/v2\/pages\/1960","targetHints":{"allow":["GET"]}}],"collection":[{"href":"https:\/\/encastrar.com.ar\/eng\/wp-json\/wp\/v2\/pages"}],"about":[{"href":"https:\/\/encastrar.com.ar\/eng\/wp-json\/wp\/v2\/types\/page"}],"author":[{"embeddable":true,"href":"https:\/\/encastrar.com.ar\/eng\/wp-json\/wp\/v2\/users\/123458"}],"replies":[{"embeddable":true,"href":"https:\/\/encastrar.com.ar\/eng\/wp-json\/wp\/v2\/comments?post=1960"}],"version-history":[{"count":274,"href":"https:\/\/encastrar.com.ar\/eng\/wp-json\/wp\/v2\/pages\/1960\/revisions"}],"predecessor-version":[{"id":8921,"href":"https:\/\/encastrar.com.ar\/eng\/wp-json\/wp\/v2\/pages\/1960\/revisions\/8921"}],"wp:attachment":[{"href":"https:\/\/encastrar.com.ar\/eng\/wp-json\/wp\/v2\/media?parent=1960"}],"curies":[{"name":"wp","href":"https:\/\/api.w.org\/{rel}","templated":true}]}}