{"id":1507,"date":"2023-03-28T15:49:28","date_gmt":"2023-03-28T15:49:28","guid":{"rendered":"https:\/\/encastrar.com.ar\/?page_id=1507"},"modified":"2025-08-12T14:04:33","modified_gmt":"2025-08-12T14:04:33","slug":"contacto","status":"publish","type":"page","link":"https:\/\/encastrar.com.ar\/eng\/contacto\/","title":{"rendered":"Contact"},"content":{"rendered":"<div data-elementor-type=\"wp-page\" data-elementor-id=\"1507\" class=\"elementor elementor-1507\" data-elementor-post-type=\"page\">\n\t\t\t\t\t\t<section class=\"elementor-section elementor-top-section elementor-element elementor-element-dd2f57b elementor-section-boxed elementor-section-height-default elementor-section-height-default\" data-id=\"dd2f57b\" data-element_type=\"section\" data-settings=\"{&quot;jet_parallax_layout_list&quot;:[],&quot;background_background&quot;:&quot;classic&quot;}\">\n\t\t\t\t\t\t\t<div class=\"elementor-background-overlay\"><\/div>\n\t\t\t\t\t\t\t<div class=\"elementor-container elementor-column-gap-default\">\n\t\t\t\t\t<div class=\"elementor-column elementor-col-100 elementor-top-column elementor-element elementor-element-09c6b20\" data-id=\"09c6b20\" data-element_type=\"column\">\n\t\t\t<div class=\"elementor-widget-wrap elementor-element-populated\">\n\t\t\t\t\t\t<div class=\"elementor-element elementor-element-7862ab9 elementor-widget elementor-widget-heading\" data-id=\"7862ab9\" data-element_type=\"widget\" data-widget_type=\"heading.default\">\n\t\t\t\t<div class=\"elementor-widget-container\">\n\t\t\t\t\t<h2 class=\"elementor-heading-title elementor-size-default\">\u00bfEn que podemos ayudarte?<\/h2>\t\t\t\t<\/div>\n\t\t\t\t<\/div>\n\t\t\t\t<div class=\"elementor-element elementor-element-2992159 elementor-widget elementor-widget-heading\" data-id=\"2992159\" data-element_type=\"widget\" data-widget_type=\"heading.default\">\n\t\t\t\t<div class=\"elementor-widget-container\">\n\t\t\t\t\t<h2 class=\"elementor-heading-title elementor-size-default\">Si desea recibir m\u00e1s informaci\u00f3n sobre nuestros productos o enviarnos alg\u00fan reclamo, puede completar el siguiente formulario<\/h2>\t\t\t\t<\/div>\n\t\t\t\t<\/div>\n\t\t\t\t<div class=\"elementor-element elementor-element-fca5136 elementor-button-align-center elementor-widget elementor-widget-form\" data-id=\"fca5136\" data-element_type=\"widget\" data-settings=\"{&quot;button_width&quot;:&quot;100&quot;,&quot;step_type&quot;:&quot;number_text&quot;,&quot;step_icon_shape&quot;:&quot;circle&quot;}\" data-widget_type=\"form.default\">\n\t\t\t\t<div class=\"elementor-widget-container\">\n\t\t\t\t\t\t\t<form class=\"elementor-form\" method=\"post\" name=\"Formulario consulta\" aria-label=\"Formulario consulta\" action=\"\">\n\t\t\t<input type=\"hidden\" name=\"post_id\" value=\"1507\"\/>\n\t\t\t<input type=\"hidden\" name=\"form_id\" value=\"fca5136\"\/>\n\t\t\t<input type=\"hidden\" name=\"referer_title\" value=\"Contacto - Encastrar Argentina\" \/>\n\n\t\t\t\t\t\t\t<input type=\"hidden\" name=\"queried_id\" value=\"1507\"\/>\n\t\t\t\n\t\t\t<div class=\"elementor-form-fields-wrapper elementor-labels-above\">\n\t\t\t\t\t\t\t\t<div class=\"elementor-field-type-text elementor-field-group elementor-column elementor-field-group-Nombre elementor-col-50\">\n\t\t\t\t\t\t\t\t\t\t\t\t\t<input size=\"1\" type=\"text\" name=\"form_fields[Nombre]\" id=\"form-field-Nombre\" class=\"elementor-field elementor-size-sm  elementor-field-textual\" placeholder=\"Nombre y Apellido\">\n\t\t\t\t\t\t\t\t\t\t\t<\/div>\n\t\t\t\t\t\t\t\t<div class=\"elementor-field-type-text elementor-field-group elementor-column elementor-field-group-Celular elementor-col-50 elementor-field-required\">\n\t\t\t\t\t\t\t\t\t\t\t\t\t<input size=\"1\" type=\"text\" name=\"form_fields[Celular]\" id=\"form-field-Celular\" class=\"elementor-field elementor-size-sm  elementor-field-textual\" placeholder=\"Celular\" required=\"required\">\n\t\t\t\t\t\t\t\t\t\t\t<\/div>\n\t\t\t\t\t\t\t\t<div class=\"elementor-field-type-email elementor-field-group elementor-column elementor-field-group-Email elementor-col-50\">\n\t\t\t\t\t\t\t\t\t\t\t\t\t<input size=\"1\" type=\"email\" name=\"form_fields[Email]\" id=\"form-field-Email\" class=\"elementor-field elementor-size-sm  elementor-field-textual\" placeholder=\"Email\">\n\t\t\t\t\t\t\t\t\t\t\t<\/div>\n\t\t\t\t\t\t\t\t<div class=\"elementor-field-type-text elementor-field-group elementor-column elementor-field-group-Ciudad elementor-col-50\">\n\t\t\t\t\t\t\t\t\t\t\t\t\t<input size=\"1\" type=\"text\" name=\"form_fields[Ciudad]\" id=\"form-field-Ciudad\" class=\"elementor-field elementor-size-sm  elementor-field-textual\" placeholder=\"Ciudad\">\n\t\t\t\t\t\t\t\t\t\t\t<\/div>\n\t\t\t\t\t\t\t\t<div class=\"elementor-field-type-text elementor-field-group elementor-column elementor-field-group-Provincia elementor-col-50\">\n\t\t\t\t\t\t\t\t\t\t\t\t\t<input size=\"1\" type=\"text\" name=\"form_fields[Provincia]\" id=\"form-field-Provincia\" class=\"elementor-field elementor-size-sm  elementor-field-textual\" placeholder=\"Provincia\">\n\t\t\t\t\t\t\t\t\t\t\t<\/div>\n\t\t\t\t\t\t\t\t<div class=\"elementor-field-type-select elementor-field-group elementor-column elementor-field-group-Soy elementor-col-50\">\n\t\t\t\t\t\t\t<div class=\"elementor-field elementor-select-wrapper remove-before\">\n\t\t\t<div class=\"select-caret-down-wrapper\">\n\t\t\t\t<i aria-hidden=\"true\" class=\"eicon-caret-down\"><\/i>\t\t\t<\/div>\n\t\t\t<select name=\"form_fields[Soy]\" id=\"form-field-Soy\" class=\"elementor-field-textual elementor-size-sm\">\n\t\t\t\t\t\t\t\t\t<option value=\"Soy Consumidor Final\">Soy Consumidor Final<\/option>\n\t\t\t\t\t\t\t\t\t<option value=\"Soy  Profesional\">Soy  Profesional<\/option>\n\t\t\t\t\t\t\t\t\t<option value=\"Quiero ser Distribuidor\">Quiero ser Distribuidor<\/option>\n\t\t\t\t\t\t\t<\/select>\n\t\t<\/div>\n\t\t\t\t\t\t<\/div>\n\t\t\t\t\t\t\t\t<div class=\"elementor-field-type-textarea elementor-field-group elementor-column elementor-field-group-Consulta elementor-col-100\">\n\t\t\t\t\t<textarea class=\"elementor-field-textual elementor-field  elementor-size-sm\" name=\"form_fields[Consulta]\" id=\"form-field-Consulta\" rows=\"4\" placeholder=\"Detallenos su consulta\"><\/textarea>\t\t\t\t<\/div>\n\t\t\t\t\t\t\t\t<div class=\"elementor-field-group elementor-column elementor-field-type-submit elementor-col-100 e-form__buttons\">\n\t\t\t\t\t<button class=\"elementor-button elementor-size-sm\" type=\"submit\">\n\t\t\t\t\t\t<span class=\"elementor-button-content-wrapper\">\n\t\t\t\t\t\t\t\t\t\t\t\t\t\t\t\t\t\t\t\t\t\t<span class=\"elementor-button-text\">Enviar consulta<\/span>\n\t\t\t\t\t\t\t\t\t\t\t\t\t<\/span>\n\t\t\t\t\t<\/button>\n\t\t\t\t<\/div>\n\t\t\t<\/div>\n\t\t<input type=\"hidden\" name=\"trp-form-language\" value=\"eng\"\/><\/form>\n\t\t\t\t\t\t<\/div>\n\t\t\t\t<\/div>\n\t\t\t\t<div class=\"elementor-element elementor-element-ba99e6a elementor-widget elementor-widget-spacer\" data-id=\"ba99e6a\" data-element_type=\"widget\" data-widget_type=\"spacer.default\">\n\t\t\t\t<div class=\"elementor-widget-container\">\n\t\t\t\t\t\t\t<div class=\"elementor-spacer\">\n\t\t\t<div class=\"elementor-spacer-inner\"><\/div>\n\t\t<\/div>\n\t\t\t\t\t\t<\/div>\n\t\t\t\t<\/div>\n\t\t\t\t<div class=\"elementor-element elementor-element-848e0ec elementor-widget elementor-widget-menu-anchor\" data-id=\"848e0ec\" data-element_type=\"widget\" data-widget_type=\"menu-anchor.default\">\n\t\t\t\t<div class=\"elementor-widget-container\">\n\t\t\t\t\t\t\t<div class=\"elementor-menu-anchor\" id=\"local\"><\/div>\n\t\t\t\t\t\t<\/div>\n\t\t\t\t<\/div>\n\t\t\t\t<div class=\"elementor-element elementor-element-cc41071 elementor-align-center elementor-icon-list--layout-inline elementor-list-item-link-full_width elementor-widget elementor-widget-icon-list\" data-id=\"cc41071\" data-element_type=\"widget\" data-widget_type=\"icon-list.default\">\n\t\t\t\t<div class=\"elementor-widget-container\">\n\t\t\t\t\t\t\t<ul class=\"elementor-icon-list-items elementor-inline-items\">\n\t\t\t\t\t\t\t<li class=\"elementor-icon-list-item elementor-inline-item\">\n\t\t\t\t\t\t\t\t\t\t\t<span class=\"elementor-icon-list-icon\">\n\t\t\t\t\t\t\t<i aria-hidden=\"true\" class=\"far fa-envelope\"><\/i>\t\t\t\t\t\t<\/span>\n\t\t\t\t\t\t\t\t\t\t<span class=\"elementor-icon-list-text\">contacto@encastrar.com.ar<\/span>\n\t\t\t\t\t\t\t\t\t<\/li>\n\t\t\t\t\t\t\t\t<li class=\"elementor-icon-list-item elementor-inline-item\">\n\t\t\t\t\t\t\t\t\t\t\t<span class=\"elementor-icon-list-icon\">\n\t\t\t\t\t\t\t<i aria-hidden=\"true\" class=\"fas fa-mobile-alt\"><\/i>\t\t\t\t\t\t<\/span>\n\t\t\t\t\t\t\t\t\t\t<span class=\"elementor-icon-list-text\">11 4066-6261<\/span>\n\t\t\t\t\t\t\t\t\t<\/li>\n\t\t\t\t\t\t<\/ul>\n\t\t\t\t\t\t<\/div>\n\t\t\t\t<\/div>\n\t\t\t\t\t<\/div>\n\t\t<\/div>\n\t\t\t\t\t<\/div>\n\t\t<\/section>\n\t\t\t\t<\/div>","protected":false},"excerpt":{"rendered":"<p>\u00bfEn que podemos ayudarte? Si desea recibir m\u00e1s informaci\u00f3n sobre nuestros productos o enviarnos alg\u00fan reclamo, puede completar el siguiente formulario contacto@encastrar.com.ar 11 4066-6261<\/p>","protected":false},"author":123458,"featured_media":0,"parent":0,"menu_order":0,"comment_status":"closed","ping_status":"closed","template":"elementor_header_footer","meta":{"_joinchat":[],"footnotes":""},"class_list":["post-1507","page","type-page","status-publish","hentry"],"yoast_head":"<!-- This site is optimized with the Yoast SEO plugin v26.1.1 - https:\/\/yoast.com\/wordpress\/plugins\/seo\/ -->\n<title>Contacto - Encastrar Argentina<\/title>\n<meta name=\"description\" content=\"Contactate con P\u00e9rgolas Encastrar para asesoramiento y consultas. Te ayudamos a elegir la mejor opci\u00f3n para tu espacio.\" \/>\n<meta name=\"robots\" content=\"index, follow, max-snippet:-1, max-image-preview:large, max-video-preview:-1\" \/>\n<link rel=\"canonical\" href=\"https:\/\/encastrar.com.ar\/eng\/contacto\/\" \/>\n<meta property=\"og:locale\" content=\"en_US\" \/>\n<meta property=\"og:type\" content=\"article\" \/>\n<meta property=\"og:title\" content=\"Contacto - Encastrar Argentina\" \/>\n<meta property=\"og:description\" content=\"Contactate con P\u00e9rgolas Encastrar para asesoramiento y consultas. Te ayudamos a elegir la mejor opci\u00f3n para tu espacio.\" \/>\n<meta property=\"og:url\" content=\"https:\/\/encastrar.com.ar\/eng\/contacto\/\" \/>\n<meta property=\"og:site_name\" content=\"Encastrar Argentina\" \/>\n<meta property=\"article:modified_time\" content=\"2025-08-12T14:04:33+00:00\" \/>\n<meta name=\"twitter:card\" content=\"summary_large_image\" \/>\n<meta name=\"twitter:label1\" content=\"Est. reading time\" \/>\n\t<meta name=\"twitter:data1\" content=\"1 minute\" \/>\n<script type=\"application\/ld+json\" class=\"yoast-schema-graph\">{\"@context\":\"https:\/\/schema.org\",\"@graph\":[{\"@type\":\"WebPage\",\"@id\":\"https:\/\/encastrar.com.ar\/contacto\/\",\"url\":\"https:\/\/encastrar.com.ar\/contacto\/\",\"name\":\"Contacto - Encastrar Argentina\",\"isPartOf\":{\"@id\":\"https:\/\/encastrar.com.ar\/#website\"},\"datePublished\":\"2023-03-28T15:49:28+00:00\",\"dateModified\":\"2025-08-12T14:04:33+00:00\",\"description\":\"Contactate con P\u00e9rgolas Encastrar para asesoramiento y consultas. Te ayudamos a elegir la mejor opci\u00f3n para tu espacio.\",\"breadcrumb\":{\"@id\":\"https:\/\/encastrar.com.ar\/contacto\/#breadcrumb\"},\"inLanguage\":\"en-US\",\"potentialAction\":[{\"@type\":\"ReadAction\",\"target\":[\"https:\/\/encastrar.com.ar\/contacto\/\"]}]},{\"@type\":\"BreadcrumbList\",\"@id\":\"https:\/\/encastrar.com.ar\/contacto\/#breadcrumb\",\"itemListElement\":[{\"@type\":\"ListItem\",\"position\":1,\"name\":\"Home\",\"item\":\"https:\/\/encastrar.com.ar\/\"},{\"@type\":\"ListItem\",\"position\":2,\"name\":\"Contacto\"}]},{\"@type\":\"WebSite\",\"@id\":\"https:\/\/encastrar.com.ar\/#website\",\"url\":\"https:\/\/encastrar.com.ar\/\",\"name\":\"Encastrar Argentina\",\"description\":\"Pergolas a medida\",\"publisher\":{\"@id\":\"https:\/\/encastrar.com.ar\/#organization\"},\"potentialAction\":[{\"@type\":\"SearchAction\",\"target\":{\"@type\":\"EntryPoint\",\"urlTemplate\":\"https:\/\/encastrar.com.ar\/?s={search_term_string}\"},\"query-input\":{\"@type\":\"PropertyValueSpecification\",\"valueRequired\":true,\"valueName\":\"search_term_string\"}}],\"inLanguage\":\"en-US\"},{\"@type\":\"Organization\",\"@id\":\"https:\/\/encastrar.com.ar\/#organization\",\"name\":\"Encastrar Argentina\",\"url\":\"https:\/\/encastrar.com.ar\/\",\"logo\":{\"@type\":\"ImageObject\",\"inLanguage\":\"en-US\",\"@id\":\"https:\/\/encastrar.com.ar\/#\/schema\/logo\/image\/\",\"url\":\"https:\/\/encastrar.com.ar\/wp-content\/uploads\/2024\/02\/cropped-icono.png\",\"contentUrl\":\"https:\/\/encastrar.com.ar\/wp-content\/uploads\/2024\/02\/cropped-icono.png\",\"width\":340,\"height\":340,\"caption\":\"Encastrar Argentina\"},\"image\":{\"@id\":\"https:\/\/encastrar.com.ar\/#\/schema\/logo\/image\/\"}}]}<\/script>\n<!-- \/ Yoast SEO plugin. -->","yoast_head_json":{"title":"Contacto - Encastrar Argentina","description":"Contactate con P\u00e9rgolas Encastrar para asesoramiento y consultas. Te ayudamos a elegir la mejor opci\u00f3n para tu espacio.","robots":{"index":"index","follow":"follow","max-snippet":"max-snippet:-1","max-image-preview":"max-image-preview:large","max-video-preview":"max-video-preview:-1"},"canonical":"https:\/\/encastrar.com.ar\/eng\/contacto\/","og_locale":"en_US","og_type":"article","og_title":"Contacto - Encastrar Argentina","og_description":"Contactate con P\u00e9rgolas Encastrar para asesoramiento y consultas. Te ayudamos a elegir la mejor opci\u00f3n para tu espacio.","og_url":"https:\/\/encastrar.com.ar\/eng\/contacto\/","og_site_name":"Encastrar Argentina","article_modified_time":"2025-08-12T14:04:33+00:00","twitter_card":"summary_large_image","twitter_misc":{"Est. reading time":"1 minute"},"schema":{"@context":"https:\/\/schema.org","@graph":[{"@type":"WebPage","@id":"https:\/\/encastrar.com.ar\/contacto\/","url":"https:\/\/encastrar.com.ar\/contacto\/","name":"Contacto - Encastrar Argentina","isPartOf":{"@id":"https:\/\/encastrar.com.ar\/#website"},"datePublished":"2023-03-28T15:49:28+00:00","dateModified":"2025-08-12T14:04:33+00:00","description":"Contactate con P\u00e9rgolas Encastrar para asesoramiento y consultas. Te ayudamos a elegir la mejor opci\u00f3n para tu espacio.","breadcrumb":{"@id":"https:\/\/encastrar.com.ar\/contacto\/#breadcrumb"},"inLanguage":"en-US","potentialAction":[{"@type":"ReadAction","target":["https:\/\/encastrar.com.ar\/contacto\/"]}]},{"@type":"BreadcrumbList","@id":"https:\/\/encastrar.com.ar\/contacto\/#breadcrumb","itemListElement":[{"@type":"ListItem","position":1,"name":"Home","item":"https:\/\/encastrar.com.ar\/"},{"@type":"ListItem","position":2,"name":"Contacto"}]},{"@type":"WebSite","@id":"https:\/\/encastrar.com.ar\/#website","url":"https:\/\/encastrar.com.ar\/","name":"Encastrar Argentina","description":"Pergolas a medida","publisher":{"@id":"https:\/\/encastrar.com.ar\/#organization"},"potentialAction":[{"@type":"SearchAction","target":{"@type":"EntryPoint","urlTemplate":"https:\/\/encastrar.com.ar\/?s={search_term_string}"},"query-input":{"@type":"PropertyValueSpecification","valueRequired":true,"valueName":"search_term_string"}}],"inLanguage":"en-US"},{"@type":"Organization","@id":"https:\/\/encastrar.com.ar\/#organization","name":"Encastrar Argentina","url":"https:\/\/encastrar.com.ar\/","logo":{"@type":"ImageObject","inLanguage":"en-US","@id":"https:\/\/encastrar.com.ar\/#\/schema\/logo\/image\/","url":"https:\/\/encastrar.com.ar\/wp-content\/uploads\/2024\/02\/cropped-icono.png","contentUrl":"https:\/\/encastrar.com.ar\/wp-content\/uploads\/2024\/02\/cropped-icono.png","width":340,"height":340,"caption":"Encastrar Argentina"},"image":{"@id":"https:\/\/encastrar.com.ar\/#\/schema\/logo\/image\/"}}]}},"_links":{"self":[{"href":"https:\/\/encastrar.com.ar\/eng\/wp-json\/wp\/v2\/pages\/1507","targetHints":{"allow":["GET"]}}],"collection":[{"href":"https:\/\/encastrar.com.ar\/eng\/wp-json\/wp\/v2\/pages"}],"about":[{"href":"https:\/\/encastrar.com.ar\/eng\/wp-json\/wp\/v2\/types\/page"}],"author":[{"embeddable":true,"href":"https:\/\/encastrar.com.ar\/eng\/wp-json\/wp\/v2\/users\/123458"}],"replies":[{"embeddable":true,"href":"https:\/\/encastrar.com.ar\/eng\/wp-json\/wp\/v2\/comments?post=1507"}],"version-history":[{"count":197,"href":"https:\/\/encastrar.com.ar\/eng\/wp-json\/wp\/v2\/pages\/1507\/revisions"}],"predecessor-version":[{"id":8507,"href":"https:\/\/encastrar.com.ar\/eng\/wp-json\/wp\/v2\/pages\/1507\/revisions\/8507"}],"wp:attachment":[{"href":"https:\/\/encastrar.com.ar\/eng\/wp-json\/wp\/v2\/media?parent=1507"}],"curies":[{"name":"wp","href":"https:\/\/api.w.org\/{rel}","templated":true}]}}